{"id":1588,"date":"2024-12-26T09:12:15","date_gmt":"2024-12-26T09:12:15","guid":{"rendered":"https:\/\/commmesh.com\/?post_type=product&#038;p=1588"},"modified":"2025-03-06T03:14:04","modified_gmt":"2025-03-06T03:14:04","slug":"fiber-optic-splicing-box","status":"publish","type":"product","link":"https:\/\/commmesh.com\/es\/product\/fiber-optic-splicing-box\/","title":{"rendered":"Fabricante chino de cajas de empalme de fibra \u00f3ptica para exteriores"},"content":{"rendered":"<p>Una caja de empalme de fibra \u00f3ptica alberga y protege los empalmes. Cuenta con puertos para cables de fibra \u00f3ptica. Cada empalme por fusi\u00f3n se organiza en bandejas internas. Esto logra una trayectoria de se\u00f1al \u00f3ptica limpia y segura. Las fibras de los buffers son de 250 \u00b5m y se fijan con abrazaderas. Existen bandejas con diferentes capacidades, como 12F, 24F y 48F.<\/p>\n<p>Los adaptadores conectan los pigtails. La clasificaci\u00f3n IP68 garantiza una protecci\u00f3n completa. Soporta una presi\u00f3n de 105 kPa y funciona entre -40 \u00b0C y +65 \u00b0C. Cuenta con 16 puertos para cable de bajada, 8 puertos principales y 2 midspan.<\/p>","protected":false},"excerpt":{"rendered":"<p>A fiber optic splicing box houses and protects splices. It has ports for fiber optic cables. Each fusion splice is organized in splice trays inside. It achieves a clean, safe optical signal path. Buffers fibers are 250 \u00b5m and secured with cable clamps. You get different tray capacities like 12F, 24F and 48F. Adapters connect [&hellip;]<\/p>","protected":false},"featured_media":1607,"comment_status":"open","ping_status":"closed","template":"","meta":{"_seopress_robots_primary_cat":"none","_seopress_titles_title":"Outdoor Fiber Optic Splice Box Manufacturer In China","_seopress_titles_desc":"","_seopress_robots_index":""},"product_brand":[],"product_cat":[24],"product_tag":[],"class_list":{"0":"post-1588","1":"product","2":"type-product","3":"status-publish","4":"has-post-thumbnail","6":"product_cat-fiber-optic-termination-box","8":"first","9":"instock","10":"shipping-taxable","11":"product-type-simple"},"_links":{"self":[{"href":"https:\/\/commmesh.com\/es\/wp-json\/wp\/v2\/product\/1588","targetHints":{"allow":["GET"]}}],"collection":[{"href":"https:\/\/commmesh.com\/es\/wp-json\/wp\/v2\/product"}],"about":[{"href":"https:\/\/commmesh.com\/es\/wp-json\/wp\/v2\/types\/product"}],"replies":[{"embeddable":true,"href":"https:\/\/commmesh.com\/es\/wp-json\/wp\/v2\/comments?post=1588"}],"wp:featuredmedia":[{"embeddable":true,"href":"https:\/\/commmesh.com\/es\/wp-json\/wp\/v2\/media\/1607"}],"wp:attachment":[{"href":"https:\/\/commmesh.com\/es\/wp-json\/wp\/v2\/media?parent=1588"}],"wp:term":[{"taxonomy":"product_brand","embeddable":true,"href":"https:\/\/commmesh.com\/es\/wp-json\/wp\/v2\/product_brand?post=1588"},{"taxonomy":"product_cat","embeddable":true,"href":"https:\/\/commmesh.com\/es\/wp-json\/wp\/v2\/product_cat?post=1588"},{"taxonomy":"product_tag","embeddable":true,"href":"https:\/\/commmesh.com\/es\/wp-json\/wp\/v2\/product_tag?post=1588"}],"curies":[{"name":"wp","href":"https:\/\/api.w.org\/{rel}","templated":true}]}}