{"id":1596,"date":"2024-12-26T09:28:16","date_gmt":"2024-12-26T09:28:16","guid":{"rendered":"https:\/\/commmesh.com\/?post_type=product&#038;p=1596"},"modified":"2025-03-06T02:55:26","modified_gmt":"2025-03-06T02:55:26","slug":"optical-fiber-connector","status":"publish","type":"product","link":"https:\/\/commmesh.com\/es\/product\/optical-fiber-connector\/","title":{"rendered":"Fabricante chino de conectores de fibra \u00f3ptica LC-ST"},"content":{"rendered":"<p>CommMesh ofrece conectores de fibra \u00f3ptica de alta calidad. Los necesitar\u00e1 para su red. Estos conectores garantizan la r\u00e1pida transmisi\u00f3n de sus datos. Cada conector tiene una f\u00e9rula, un tubo delgado de 1,25 mm. Este tubo sujeta la fibra de vidrio y un cuerpo del conector, de pl\u00e1stico o metal, para su protecci\u00f3n.<\/p>\n<p>El mecanismo de acoplamiento garantiza la seguridad. La p\u00e9rdida de inserci\u00f3n t\u00edpica es inferior a 0,25 dB. Se espera una p\u00e9rdida de retorno superior a 50 dB. Utilizamos n\u00facleo monomodo (SM) de 9\/125 \u00b5m. Disponemos de n\u00facleo multimodo (MM) de 50\/125 \u00b5m y 62,5\/125 \u00b5m. Nuestros productos cuentan con pulido PC, UPC y APC. Funcionan correctamente en un rango de -40 \u00b0C a +85 \u00b0C.<\/p>\n<p>Se prueban seg\u00fan las normas TIA\/EIA-568, con f\u00e9rulas de cer\u00e1mica de zirconio. Ofrecemos configuraciones simplex y d\u00faplex con longitudes de onda de 1310 nm y 1550 nm. Tambi\u00e9n disponemos de cubiertas de 0,9 mm, 2,0 mm y 3,0 mm.<\/p>","protected":false},"excerpt":{"rendered":"<p>CommMesh provides top-quality optical fiber connectors. You will need these for your network. These connectors ensure your data travels fast. Each connector has a ferrule, which is a 1.25mm thin tube. This tube holds the glass fiber and a connector body which is a plastic or metal, for protection. The coupling mechanism keeps things secure. [&hellip;]<\/p>","protected":false},"featured_media":1617,"comment_status":"open","ping_status":"closed","template":"","meta":{"_seopress_robots_primary_cat":"none","_seopress_titles_title":"China LC ST Optical Fiber Connector Manufacturer","_seopress_titles_desc":"","_seopress_robots_index":""},"product_brand":[],"product_cat":[28],"product_tag":[],"class_list":{"0":"post-1596","1":"product","2":"type-product","3":"status-publish","4":"has-post-thumbnail","6":"product_cat-optical-fiber-connector","8":"first","9":"instock","10":"shipping-taxable","11":"product-type-simple"},"_links":{"self":[{"href":"https:\/\/commmesh.com\/es\/wp-json\/wp\/v2\/product\/1596","targetHints":{"allow":["GET"]}}],"collection":[{"href":"https:\/\/commmesh.com\/es\/wp-json\/wp\/v2\/product"}],"about":[{"href":"https:\/\/commmesh.com\/es\/wp-json\/wp\/v2\/types\/product"}],"replies":[{"embeddable":true,"href":"https:\/\/commmesh.com\/es\/wp-json\/wp\/v2\/comments?post=1596"}],"wp:featuredmedia":[{"embeddable":true,"href":"https:\/\/commmesh.com\/es\/wp-json\/wp\/v2\/media\/1617"}],"wp:attachment":[{"href":"https:\/\/commmesh.com\/es\/wp-json\/wp\/v2\/media?parent=1596"}],"wp:term":[{"taxonomy":"product_brand","embeddable":true,"href":"https:\/\/commmesh.com\/es\/wp-json\/wp\/v2\/product_brand?post=1596"},{"taxonomy":"product_cat","embeddable":true,"href":"https:\/\/commmesh.com\/es\/wp-json\/wp\/v2\/product_cat?post=1596"},{"taxonomy":"product_tag","embeddable":true,"href":"https:\/\/commmesh.com\/es\/wp-json\/wp\/v2\/product_tag?post=1596"}],"curies":[{"name":"wp","href":"https:\/\/api.w.org\/{rel}","templated":true}]}}