{"id":1598,"date":"2024-12-27T07:59:38","date_gmt":"2024-12-27T07:59:38","guid":{"rendered":"https:\/\/commmesh.com\/?post_type=product&#038;p=1598"},"modified":"2025-03-06T02:48:38","modified_gmt":"2025-03-06T02:48:38","slug":"fc-connector","status":"publish","type":"product","link":"https:\/\/commmesh.com\/es\/product\/fc-connector\/","title":{"rendered":"Fabricante de conectores de fibra \u00f3ptica LC APC UPC FC"},"content":{"rendered":"<p>Nuestros conectores FC utilizan una f\u00e9rula de 2,5 mm. Est\u00e1n disponibles en versiones monomodo, multimodo y APC. El monomodo es para distancias m\u00e1s largas, mientras que el multimodo es para distancias m\u00e1s cortas. Presentan p\u00e9rdidas de inserci\u00f3n inferiores a 0,3 dB y p\u00e9rdidas de retorno superiores a 60 dB.<\/p>\n<p>Funcionan entre -40 \u00b0C y 85 \u00b0C. Los di\u00e1metros del n\u00facleo de la fibra oscilan entre 9 \u00b5m y 62,5 \u00b5m. Utilizan casquillos de cer\u00e1mica de zirconio o acero inoxidable. Encontrar\u00e1 roscas M8 x 0,75 mm. Utilizan un mecanismo de tuerca de acoplamiento roscada. El portacasquillos est\u00e1 fabricado en PBT. El resorte proporciona una fuerza de 8-12 N.<\/p>\n<p>El cable es de 900 \u00b5m con un aislamiento herm\u00e9tico. El manguito de engarce es de lat\u00f3n niquelado. La funda de alivio de tensi\u00f3n es de TPE. Estas fundas tienen un pulido angular de 8\u00b0.<\/p>","protected":false},"excerpt":{"rendered":"<p>Our FC Connectors use a 2.5 mm ferrule. These connectors come in single mode, multimode, and APC varieties. Single mode is for longer distances, while multimode is for shorter distances. These have insertion losses less than 0.3 dB. They provide return losses greater than 60 dB. They operate between -40\u00b0C and 85\u00b0C. Fiber core diameters [&hellip;]<\/p>","protected":false},"featured_media":1625,"comment_status":"open","ping_status":"closed","template":"","meta":{"_seopress_robots_primary_cat":"none","_seopress_titles_title":"Fiber Optic LC APC UPC FC Connector Manufacturer","_seopress_titles_desc":"","_seopress_robots_index":""},"product_brand":[],"product_cat":[28],"product_tag":[],"class_list":{"0":"post-1598","1":"product","2":"type-product","3":"status-publish","4":"has-post-thumbnail","6":"product_cat-optical-fiber-connector","8":"first","9":"instock","10":"shipping-taxable","11":"product-type-simple"},"_links":{"self":[{"href":"https:\/\/commmesh.com\/es\/wp-json\/wp\/v2\/product\/1598","targetHints":{"allow":["GET"]}}],"collection":[{"href":"https:\/\/commmesh.com\/es\/wp-json\/wp\/v2\/product"}],"about":[{"href":"https:\/\/commmesh.com\/es\/wp-json\/wp\/v2\/types\/product"}],"replies":[{"embeddable":true,"href":"https:\/\/commmesh.com\/es\/wp-json\/wp\/v2\/comments?post=1598"}],"wp:featuredmedia":[{"embeddable":true,"href":"https:\/\/commmesh.com\/es\/wp-json\/wp\/v2\/media\/1625"}],"wp:attachment":[{"href":"https:\/\/commmesh.com\/es\/wp-json\/wp\/v2\/media?parent=1598"}],"wp:term":[{"taxonomy":"product_brand","embeddable":true,"href":"https:\/\/commmesh.com\/es\/wp-json\/wp\/v2\/product_brand?post=1598"},{"taxonomy":"product_cat","embeddable":true,"href":"https:\/\/commmesh.com\/es\/wp-json\/wp\/v2\/product_cat?post=1598"},{"taxonomy":"product_tag","embeddable":true,"href":"https:\/\/commmesh.com\/es\/wp-json\/wp\/v2\/product_tag?post=1598"}],"curies":[{"name":"wp","href":"https:\/\/api.w.org\/{rel}","templated":true}]}}