{"id":1599,"date":"2024-12-27T08:00:14","date_gmt":"2024-12-27T08:00:14","guid":{"rendered":"https:\/\/commmesh.com\/?post_type=product&#038;p=1599"},"modified":"2025-03-06T02:39:50","modified_gmt":"2025-03-06T02:39:50","slug":"lc-connector","status":"publish","type":"product","link":"https:\/\/commmesh.com\/es\/product\/lc-connector\/","title":{"rendered":"Conector LC APC monomodo d\u00faplex de fibra \u00f3ptica"},"content":{"rendered":"<p>El conector LC es peque\u00f1o. Se utiliza para conectar cables de fibra \u00f3ptica. Su pestillo se asemeja a un conector 45 registrado m\u00e1s peque\u00f1o. El di\u00e1metro del n\u00facleo mide 9 micr\u00f3metros. El di\u00e1metro del revestimiento es de aproximadamente 125 micr\u00f3metros. El di\u00e1metro exterior de la f\u00e9rula mide 1,25 mil\u00edmetros.<\/p>\n<p>Admite longitudes de onda de 1310 nan\u00f3metros. La p\u00e9rdida de inserci\u00f3n m\u00e1xima alcanza los 0,10 decibeles. Cumple con los est\u00e1ndares Telecordia GR-326. Las fibras son multimodo 50\/125. La p\u00e9rdida de retorno es superior a 20 decibeles.<\/p>\n<p>Funciona a temperaturas desde -40 \u00b0C. Su durabilidad supera los 500 ciclos de acoplamiento. La carcasa est\u00e1 hecha de pol\u00edmero termopl\u00e1stico. La retenci\u00f3n m\u00ednima del cable es de 7,4 Newtons.<\/p>\n<p>La geometr\u00eda de la cara terminal de la f\u00e9rula es convexa. El revestimiento del cable mide hasta 3,0 mil\u00edmetros. Los tipos de pulido incluyen Ultra Physical Contact. El material del manguito de alineaci\u00f3n es cer\u00e1mica de zirconio. El modo \u00f3ptico es monomodo. El mecanismo de acoplamiento es push-pull.<\/p>","protected":false},"excerpt":{"rendered":"<p>The LC connector is small. You use it for connecting fiber optic cables. Its latch resembles a smaller Registered Jack 45. Core diameter measures 9 micrometers. Cladding diameter is around 125 micrometers. Ferrule outside diameter measures 1.25 millimeters. It can handle wavelengths of 1310 nanometers. Maximum insertion loss reaches 0.10 decibels. It meets Telecordia GR-326 [&hellip;]<\/p>","protected":false},"featured_media":1624,"comment_status":"open","ping_status":"closed","template":"","meta":{"_seopress_robots_primary_cat":"none","_seopress_titles_title":"Fiber Optic Duplex Single Mode APC LC connector - CommMesh","_seopress_titles_desc":"","_seopress_robots_index":""},"product_brand":[],"product_cat":[28],"product_tag":[],"class_list":{"0":"post-1599","1":"product","2":"type-product","3":"status-publish","4":"has-post-thumbnail","6":"product_cat-optical-fiber-connector","8":"first","9":"instock","10":"shipping-taxable","11":"product-type-simple"},"_links":{"self":[{"href":"https:\/\/commmesh.com\/es\/wp-json\/wp\/v2\/product\/1599","targetHints":{"allow":["GET"]}}],"collection":[{"href":"https:\/\/commmesh.com\/es\/wp-json\/wp\/v2\/product"}],"about":[{"href":"https:\/\/commmesh.com\/es\/wp-json\/wp\/v2\/types\/product"}],"replies":[{"embeddable":true,"href":"https:\/\/commmesh.com\/es\/wp-json\/wp\/v2\/comments?post=1599"}],"wp:featuredmedia":[{"embeddable":true,"href":"https:\/\/commmesh.com\/es\/wp-json\/wp\/v2\/media\/1624"}],"wp:attachment":[{"href":"https:\/\/commmesh.com\/es\/wp-json\/wp\/v2\/media?parent=1599"}],"wp:term":[{"taxonomy":"product_brand","embeddable":true,"href":"https:\/\/commmesh.com\/es\/wp-json\/wp\/v2\/product_brand?post=1599"},{"taxonomy":"product_cat","embeddable":true,"href":"https:\/\/commmesh.com\/es\/wp-json\/wp\/v2\/product_cat?post=1599"},{"taxonomy":"product_tag","embeddable":true,"href":"https:\/\/commmesh.com\/es\/wp-json\/wp\/v2\/product_tag?post=1599"}],"curies":[{"name":"wp","href":"https:\/\/api.w.org\/{rel}","templated":true}]}}