{"id":1600,"date":"2024-12-27T08:00:47","date_gmt":"2024-12-27T08:00:47","guid":{"rendered":"https:\/\/commmesh.com\/?post_type=product&#038;p=1600"},"modified":"2025-03-06T02:34:12","modified_gmt":"2025-03-06T02:34:12","slug":"mtrj-connector","status":"publish","type":"product","link":"https:\/\/commmesh.com\/es\/product\/mtrj-connector\/","title":{"rendered":"Fabricante chino de conectores MTRJ de fibra \u00f3ptica a precios econ\u00f3micos"},"content":{"rendered":"<p>Un conector MTRJ une dos fibras \u00f3pticas. Es adecuado para centros de datos. Este conector tiene dos conexiones de fibra. Utiliza una f\u00e9rula de 5 mil\u00edmetros. Este componente tiene unas dimensiones de 2,45 x 4,4 mil\u00edmetros. Adem\u00e1s, es un conector de formato peque\u00f1o.<\/p>\n<p>El art\u00edculo cuenta con un revestimiento reducido, lo que lo hace ideal para espacios reducidos. Cuenta con montaje con tornillos del n\u00famero 6-32. Su cuerpo de 4,5 mm utiliza fibras de 125 \u00b5m. Adem\u00e1s, la pieza contiene una carcasa termopl\u00e1stica que ofrece una soluci\u00f3n duradera. El conector presenta una estructura de 9\/125.<\/p>\n<p>La pieza proporciona una conexi\u00f3n fiable. Tiene una longitud de onda operativa de 1310 nan\u00f3metros. Este dispositivo admite 1000 ciclos de acoplamiento. Mantiene la polaridad mediante carcasas con chavetas.<\/p>\n<p>El rango de temperatura de funcionamiento del conector es de -40 a 75 grados Celsius. Tiene una p\u00e9rdida de inserci\u00f3n de 0,5 dB. Este conector cuenta con un mecanismo push-pull.<\/p>","protected":false},"excerpt":{"rendered":"<p>An MTRJ connector joins two optical fibers. You can use it in data centers. This connector has 2 fiber connections. It uses a 5-millimeter ferrule. This component features 2.45 x 4.4-millimeter dimensions. Moreover, it is a small form-factor connector. The item features reduced jacketing, fitting into tight spaces. It features number 6-32 screw mounting. It [&hellip;]<\/p>","protected":false},"featured_media":1623,"comment_status":"open","ping_status":"closed","template":"","meta":{"_seopress_robots_primary_cat":"none","_seopress_titles_title":"China Cheap Fiber Optic MTRJ Connector Manufacturer","_seopress_titles_desc":"","_seopress_robots_index":""},"product_brand":[],"product_cat":[28],"product_tag":[],"class_list":{"0":"post-1600","1":"product","2":"type-product","3":"status-publish","4":"has-post-thumbnail","6":"product_cat-optical-fiber-connector","8":"first","9":"instock","10":"shipping-taxable","11":"product-type-simple"},"_links":{"self":[{"href":"https:\/\/commmesh.com\/es\/wp-json\/wp\/v2\/product\/1600","targetHints":{"allow":["GET"]}}],"collection":[{"href":"https:\/\/commmesh.com\/es\/wp-json\/wp\/v2\/product"}],"about":[{"href":"https:\/\/commmesh.com\/es\/wp-json\/wp\/v2\/types\/product"}],"replies":[{"embeddable":true,"href":"https:\/\/commmesh.com\/es\/wp-json\/wp\/v2\/comments?post=1600"}],"wp:featuredmedia":[{"embeddable":true,"href":"https:\/\/commmesh.com\/es\/wp-json\/wp\/v2\/media\/1623"}],"wp:attachment":[{"href":"https:\/\/commmesh.com\/es\/wp-json\/wp\/v2\/media?parent=1600"}],"wp:term":[{"taxonomy":"product_brand","embeddable":true,"href":"https:\/\/commmesh.com\/es\/wp-json\/wp\/v2\/product_brand?post=1600"},{"taxonomy":"product_cat","embeddable":true,"href":"https:\/\/commmesh.com\/es\/wp-json\/wp\/v2\/product_cat?post=1600"},{"taxonomy":"product_tag","embeddable":true,"href":"https:\/\/commmesh.com\/es\/wp-json\/wp\/v2\/product_tag?post=1600"}],"curies":[{"name":"wp","href":"https:\/\/api.w.org\/{rel}","templated":true}]}}