{"id":1602,"date":"2024-12-27T08:01:59","date_gmt":"2024-12-27T08:01:59","guid":{"rendered":"https:\/\/commmesh.com\/?post_type=product&#038;p=1602"},"modified":"2025-03-05T09:39:51","modified_gmt":"2025-03-05T09:39:51","slug":"st-connector","status":"publish","type":"product","link":"https:\/\/commmesh.com\/es\/product\/st-connector\/","title":{"rendered":"Conector ST de fibra \u00f3ptica barato al por mayor de China"},"content":{"rendered":"<p>Necesita una conexi\u00f3n de fibra \u00f3ptica confiable. El conector ST proporciona enlaces seguros. Utiliza un revestimiento de 125 \u00b5m de di\u00e1metro. Observe su elemento de zirconio de 2,5 mm de di\u00e1metro exterior. Este tiene un dise\u00f1o de b\u00fafer ajustado de 0,9 \u00b5m.<\/p>\n<p>Sus caracter\u00edsticas incluyen piezas de n\u00edquel. Observe la rosca UNEF 8-32. El producto garantiza una p\u00e9rdida de inserci\u00f3n de 0,2 dB. Consulte el componente de 500 ciclos de acoplamiento. Funciona en entornos de -40 \u00b0C a 85 \u00b0C.<\/p>\n<p>Obtienes un n\u00facleo de 9\/125. Observa el tama\u00f1o de apertura de \u00d80,25 mm. Presenta una resistencia a la tracci\u00f3n de 15 N. Observa su configuraci\u00f3n simplex. Observa su rango de 1310 nm a 1550 nm.<\/p>\n<p>Puede usar el mecanismo de resorte. La carcasa mide 2,6 mm. Observe la longitud de su elemento exterior: 46,5 mm. Este presenta un montaje con cierre giratorio.<\/p>","protected":false},"excerpt":{"rendered":"<p>You need a reliable fiber connection. The ST connector provides secure links. It uses a 125\u00b5m cladding diameter. Observe its 2.5 mm O.D. zirconia element. This has a 0.9\u00b5m tight buffer design. Its features contain nickel body parts. Note the 8-32 UNEF thread. The product ensures 0.2dB insertion loss. See the 500 Mating Cycles component. [&hellip;]<\/p>","protected":false},"featured_media":1620,"comment_status":"open","ping_status":"closed","template":"","meta":{"_seopress_robots_primary_cat":"none","_seopress_titles_title":"China Cheap Fiber Optic ST Connector Wholesale - CommMesh","_seopress_titles_desc":"","_seopress_robots_index":""},"product_brand":[],"product_cat":[28],"product_tag":[],"class_list":{"0":"post-1602","1":"product","2":"type-product","3":"status-publish","4":"has-post-thumbnail","6":"product_cat-optical-fiber-connector","8":"first","9":"instock","10":"shipping-taxable","11":"product-type-simple"},"_links":{"self":[{"href":"https:\/\/commmesh.com\/es\/wp-json\/wp\/v2\/product\/1602","targetHints":{"allow":["GET"]}}],"collection":[{"href":"https:\/\/commmesh.com\/es\/wp-json\/wp\/v2\/product"}],"about":[{"href":"https:\/\/commmesh.com\/es\/wp-json\/wp\/v2\/types\/product"}],"replies":[{"embeddable":true,"href":"https:\/\/commmesh.com\/es\/wp-json\/wp\/v2\/comments?post=1602"}],"wp:featuredmedia":[{"embeddable":true,"href":"https:\/\/commmesh.com\/es\/wp-json\/wp\/v2\/media\/1620"}],"wp:attachment":[{"href":"https:\/\/commmesh.com\/es\/wp-json\/wp\/v2\/media?parent=1602"}],"wp:term":[{"taxonomy":"product_brand","embeddable":true,"href":"https:\/\/commmesh.com\/es\/wp-json\/wp\/v2\/product_brand?post=1602"},{"taxonomy":"product_cat","embeddable":true,"href":"https:\/\/commmesh.com\/es\/wp-json\/wp\/v2\/product_cat?post=1602"},{"taxonomy":"product_tag","embeddable":true,"href":"https:\/\/commmesh.com\/es\/wp-json\/wp\/v2\/product_tag?post=1602"}],"curies":[{"name":"wp","href":"https:\/\/api.w.org\/{rel}","templated":true}]}}