{"id":1733,"date":"2025-01-08T02:41:15","date_gmt":"2025-01-08T02:41:15","guid":{"rendered":"https:\/\/commmesh.com\/?post_type=product&#038;p=1733"},"modified":"2025-03-05T08:18:35","modified_gmt":"2025-03-05T08:18:35","slug":"ftth-drop-cable","status":"publish","type":"product","link":"https:\/\/commmesh.com\/es\/product\/ftth-drop-cable\/","title":{"rendered":"Fabricante de cables de bajada FTTH planos para exteriores de 2 n\u00facleos"},"content":{"rendered":"<p>Nuestros cables de acometida FTTH ofrecen ventajas significativas. Puede esperar un producto con un b\u00fafer ajustado de 250 \u00b5m. Estos productos proporcionan velocidades de transferencia de datos de hasta 10 Gbps. Nuestro dise\u00f1o utiliza fibra \u00f3ptica G.657A, lo que garantiza la m\u00ednima p\u00e9rdida de se\u00f1al posible.<\/p>\n<p>Se espera un factor de atenuaci\u00f3n m\u00e1ximo de 0,19 dB\/km a 1625 nm. Adem\u00e1s, la cubierta exterior est\u00e1 hecha de PVC ign\u00edfugo, resistente a las inclemencias del tiempo. Cada cable se somete a una prueba de carga de tracci\u00f3n de 800 N. La resistencia al aplastamiento se mide a 2200 N\/100 mm.<\/p>\n<p>Utilizamos un sistema de codificaci\u00f3n por colores para la identificaci\u00f3n de las fibras. Nuestros cables son aptos para temperaturas de -40 \u00b0C a +85 \u00b0C. Adem\u00e1s, el radio de curvatura m\u00ednimo durante su uso es de 15 mm.<br \/>\nEl cable tiene un di\u00e1metro nominal de 5,2 mm. Cada rollo contiene 2 km de cable. Se ha probado rigurosamente para garantizar su conformidad con la norma ITU-T G.652 en lo que respecta al m\u00e1ximo rendimiento de la red.<\/p>","protected":false},"excerpt":{"rendered":"<p>Our FTTH drop cables bring significant advantages. You can expect a product featuring a 250 \u00b5m tight buffer. These products provide data transfer rates up to 10 Gbps. Our design uses G.657A optical fibers. This, therefore, guarantees the least possible signal loss. Expect a maximum attenuation factor of 0.19 dB\/km at 1625 nm. Also, the [&hellip;]<\/p>","protected":false},"featured_media":1734,"comment_status":"open","ping_status":"closed","template":"","meta":{"_seopress_robots_primary_cat":"none","_seopress_titles_title":"2 Core Outdoor Flat FTTH Drop Cable Manufacturer","_seopress_titles_desc":"","_seopress_robots_index":""},"product_brand":[],"product_cat":[31],"product_tag":[],"class_list":{"0":"post-1733","1":"product","2":"type-product","3":"status-publish","4":"has-post-thumbnail","6":"product_cat-fiber-optic-cable","8":"first","9":"instock","10":"shipping-taxable","11":"product-type-simple"},"_links":{"self":[{"href":"https:\/\/commmesh.com\/es\/wp-json\/wp\/v2\/product\/1733","targetHints":{"allow":["GET"]}}],"collection":[{"href":"https:\/\/commmesh.com\/es\/wp-json\/wp\/v2\/product"}],"about":[{"href":"https:\/\/commmesh.com\/es\/wp-json\/wp\/v2\/types\/product"}],"replies":[{"embeddable":true,"href":"https:\/\/commmesh.com\/es\/wp-json\/wp\/v2\/comments?post=1733"}],"wp:featuredmedia":[{"embeddable":true,"href":"https:\/\/commmesh.com\/es\/wp-json\/wp\/v2\/media\/1734"}],"wp:attachment":[{"href":"https:\/\/commmesh.com\/es\/wp-json\/wp\/v2\/media?parent=1733"}],"wp:term":[{"taxonomy":"product_brand","embeddable":true,"href":"https:\/\/commmesh.com\/es\/wp-json\/wp\/v2\/product_brand?post=1733"},{"taxonomy":"product_cat","embeddable":true,"href":"https:\/\/commmesh.com\/es\/wp-json\/wp\/v2\/product_cat?post=1733"},{"taxonomy":"product_tag","embeddable":true,"href":"https:\/\/commmesh.com\/es\/wp-json\/wp\/v2\/product_tag?post=1733"}],"curies":[{"name":"wp","href":"https:\/\/api.w.org\/{rel}","templated":true}]}}