{"id":1735,"date":"2025-01-08T02:57:04","date_gmt":"2025-01-08T02:57:04","guid":{"rendered":"https:\/\/commmesh.com\/?post_type=product&#038;p=1735"},"modified":"2025-03-05T08:15:24","modified_gmt":"2025-03-05T08:15:24","slug":"breakout-cable","status":"publish","type":"product","link":"https:\/\/commmesh.com\/es\/product\/breakout-cable\/","title":{"rendered":"Cable de conexi\u00f3n de fibra \u00f3ptica MTP MPO a 4xLC"},"content":{"rendered":"<p>Necesita un cable multiconector para dividir las se\u00f1ales. Este cable tiene un revestimiento de PVC de 2,0 mm. Incorpora fibras de 900 \u00b5m con un revestimiento compacto. En su interior, un n\u00facleo de fibra desnuda de 250 \u00b5m transmite los datos. Cada fibra tiene un revestimiento de 125 \u00b5m de di\u00e1metro. Obtendr\u00e1 una claridad de se\u00f1al superior con un n\u00facleo de 9 \u00b5m en las opciones monomodo.<\/p>\n<p>Este producto es para enrutamiento interno. Es compatible con Ethernet de 10 Gigabits. Cada hebra opera a una longitud de onda de 850 nm. Adem\u00e1s, admite 12 conectores individuales. El producto cuenta con una clasificaci\u00f3n de riser OFNR. Mantiene la integridad hasta 70 \u00b0C. Su resistencia a la tracci\u00f3n alcanza los 100 Newtons.<\/p>\n<p>Este cable incluye subunidades de 4,8 mm, tambi\u00e9n llamadas patas. Adem\u00e1s, la p\u00e9rdida de inserci\u00f3n es inferior a 0,35 dB y la p\u00e9rdida de retorno supera los 50 dB. Adem\u00e1s, su radio de curvatura es de 30 mm. Un cable multiconector es la soluci\u00f3n para una organizaci\u00f3n ordenada.<\/p>","protected":false},"excerpt":{"rendered":"<p>You need a breakout cable to split signals. This cable has a 2.0 mm PVC jacket. It features 900\u00b5m tight-buffered fibers. Inside, a 250\u00b5m bare fiber core transmits data. Each fiber has a 125\u00b5m cladding diameter. You get superior signal clarity with a 9\u00b5m core in single-mode options. This is for internal routing. The product [&hellip;]<\/p>","protected":false},"featured_media":1736,"comment_status":"open","ping_status":"closed","template":"","meta":{"_seopress_robots_primary_cat":"none","_seopress_titles_title":"Custom MTP MPO To 4xLC Fiber Breakout Cable - CommMesh","_seopress_titles_desc":"","_seopress_robots_index":""},"product_brand":[],"product_cat":[23],"product_tag":[],"class_list":{"0":"post-1735","1":"product","2":"type-product","3":"status-publish","4":"has-post-thumbnail","6":"product_cat-fiber-patch-cord","8":"first","9":"instock","10":"shipping-taxable","11":"product-type-simple"},"_links":{"self":[{"href":"https:\/\/commmesh.com\/es\/wp-json\/wp\/v2\/product\/1735","targetHints":{"allow":["GET"]}}],"collection":[{"href":"https:\/\/commmesh.com\/es\/wp-json\/wp\/v2\/product"}],"about":[{"href":"https:\/\/commmesh.com\/es\/wp-json\/wp\/v2\/types\/product"}],"replies":[{"embeddable":true,"href":"https:\/\/commmesh.com\/es\/wp-json\/wp\/v2\/comments?post=1735"}],"wp:featuredmedia":[{"embeddable":true,"href":"https:\/\/commmesh.com\/es\/wp-json\/wp\/v2\/media\/1736"}],"wp:attachment":[{"href":"https:\/\/commmesh.com\/es\/wp-json\/wp\/v2\/media?parent=1735"}],"wp:term":[{"taxonomy":"product_brand","embeddable":true,"href":"https:\/\/commmesh.com\/es\/wp-json\/wp\/v2\/product_brand?post=1735"},{"taxonomy":"product_cat","embeddable":true,"href":"https:\/\/commmesh.com\/es\/wp-json\/wp\/v2\/product_cat?post=1735"},{"taxonomy":"product_tag","embeddable":true,"href":"https:\/\/commmesh.com\/es\/wp-json\/wp\/v2\/product_tag?post=1735"}],"curies":[{"name":"wp","href":"https:\/\/api.w.org\/{rel}","templated":true}]}}