{"id":1737,"date":"2025-01-08T03:22:27","date_gmt":"2025-01-08T03:22:27","guid":{"rendered":"https:\/\/commmesh.com\/?post_type=product&#038;p=1737"},"modified":"2025-03-05T08:05:43","modified_gmt":"2025-03-05T08:05:43","slug":"fiber-optic-adapter","status":"publish","type":"product","link":"https:\/\/commmesh.com\/es\/product\/fiber-optic-adapter\/","title":{"rendered":"Adaptador de fibra \u00f3ptica SC\/LC personalizable de China"},"content":{"rendered":"<p>Un adaptador de fibra \u00f3ptica une dos cables de fibra con terminaci\u00f3n. Funciona en un \u00e1ngulo de 90 grados. Puede usar fibra monomodo para un funcionamiento \u00f3ptimo. La p\u00e9rdida de inserci\u00f3n es de 0,2 dB.<\/p>\n<p>El adaptador utiliza un manguito cer\u00e1mico en su interior. Este manguito garantiza una alineaci\u00f3n correcta. Estas piezas ofrecen 1000 ciclos de acoplamiento. Este dispositivo funciona correctamente entre 25 y 70 grados Celsius.<\/p>\n<p>Contiene conexiones hembra a hembra. Cada adaptador cuenta con pulido APC. Tiene dos puntos de conexi\u00f3n. Este componente tambi\u00e9n cuenta con pulido UPC. El adaptador forma parte de un sistema FTTH.<\/p>\n<p>Se utiliza un mecanismo de relaci\u00f3n de divisi\u00f3n. Adem\u00e1s, el n\u00facleo tiene una dimensi\u00f3n de 9\/125 \u00b5m. Su rendimiento se mantiene en longitudes de onda de 1310 nm, 1550 nm y 1625 nm, lo que demuestra una gran versatilidad. Un componente alinea los casquillos del conector.<\/p>","protected":false},"excerpt":{"rendered":"<p>A fiber optic adapter provides a union between two terminated fiber cables. It operates at a 90-degree angle. You can use single-mode for optimal function. Expect a 0.2 dB insertion loss. The adapter uses a ceramic sleeve inside. The sleeve ensures correct alignment. These parts provide 1000 mating cycles. This device works well between 25 [&hellip;]<\/p>","protected":false},"featured_media":1738,"comment_status":"open","ping_status":"closed","template":"","meta":{"_seopress_robots_primary_cat":"none","_seopress_titles_title":"China Customizable SC LC Fiber Optic Adapter Fiber Couplers","_seopress_titles_desc":"","_seopress_robots_index":""},"product_brand":[],"product_cat":[28],"product_tag":[],"class_list":{"0":"post-1737","1":"product","2":"type-product","3":"status-publish","4":"has-post-thumbnail","6":"product_cat-optical-fiber-connector","8":"first","9":"instock","10":"shipping-taxable","11":"product-type-simple"},"_links":{"self":[{"href":"https:\/\/commmesh.com\/es\/wp-json\/wp\/v2\/product\/1737","targetHints":{"allow":["GET"]}}],"collection":[{"href":"https:\/\/commmesh.com\/es\/wp-json\/wp\/v2\/product"}],"about":[{"href":"https:\/\/commmesh.com\/es\/wp-json\/wp\/v2\/types\/product"}],"replies":[{"embeddable":true,"href":"https:\/\/commmesh.com\/es\/wp-json\/wp\/v2\/comments?post=1737"}],"wp:featuredmedia":[{"embeddable":true,"href":"https:\/\/commmesh.com\/es\/wp-json\/wp\/v2\/media\/1738"}],"wp:attachment":[{"href":"https:\/\/commmesh.com\/es\/wp-json\/wp\/v2\/media?parent=1737"}],"wp:term":[{"taxonomy":"product_brand","embeddable":true,"href":"https:\/\/commmesh.com\/es\/wp-json\/wp\/v2\/product_brand?post=1737"},{"taxonomy":"product_cat","embeddable":true,"href":"https:\/\/commmesh.com\/es\/wp-json\/wp\/v2\/product_cat?post=1737"},{"taxonomy":"product_tag","embeddable":true,"href":"https:\/\/commmesh.com\/es\/wp-json\/wp\/v2\/product_tag?post=1737"}],"curies":[{"name":"wp","href":"https:\/\/api.w.org\/{rel}","templated":true}]}}