{"id":1739,"date":"2025-01-08T03:47:33","date_gmt":"2025-01-08T03:47:33","guid":{"rendered":"https:\/\/commmesh.com\/?post_type=product&#038;p=1739"},"modified":"2025-03-05T07:55:50","modified_gmt":"2025-03-05T07:55:50","slug":"fast-connector","status":"publish","type":"product","link":"https:\/\/commmesh.com\/es\/product\/fast-connector\/","title":{"rendered":"Conector r\u00e1pido de fibra \u00f3ptica SC UPC SC APC"},"content":{"rendered":"<p>Este conector r\u00e1pido simplifica las conexiones de fibra \u00f3ptica. Tiene una p\u00e9rdida de inserci\u00f3n t\u00edpica de 0,25 dB. Se instala en menos de 30 segundos. Su revestimiento tiene un di\u00e1metro de 125 \u00b5m. El producto utiliza una interfaz SC\/APC. Funciona con fibra de 250 \u00b5m de tamp\u00f3n ajustado.<\/p>\n<p>Un mecanismo de alineaci\u00f3n de fibra garantiza una buena conexi\u00f3n. El conector incluye una f\u00e9rula prepulida. Est\u00e1 dise\u00f1ado para fibras monomodo. La unidad tiene una p\u00e9rdida de retorno t\u00edpica de 65 dB. El dispositivo admite fibra con buffer de 900 \u00b5m. Su temperatura de funcionamiento es de -40 \u00b0C a 75 \u00b0C.<\/p>\n<p>Cuenta con una funda de alivio de tensi\u00f3n para protecci\u00f3n. Tiene una f\u00e9rula de 2,5 mm. El material de la carcasa es un pol\u00edmero pl\u00e1stico duradero. Este conector permite un m\u00e1ximo de 5 reterminaciones. Su resistencia a la tracci\u00f3n es de 50 N. Es compatible con localizadores visuales de fallos (VFL). Es instalable en campo. El radio de curvatura m\u00ednimo del conector es de 30 mm.<\/p>","protected":false},"excerpt":{"rendered":"<p>This Fast Connector simplifies fiber optic connections. It has a 0.25 dB typical insertion loss. You can install this in under 30 seconds. It features a 125 \u00b5m cladding diameter. The product uses an SC\/APC interface. It works with 250 \u00b5m tight-buffered fiber. A fiber alignment mechanism ensures a good connection. The connector includes a [&hellip;]<\/p>","protected":false},"featured_media":1740,"comment_status":"open","ping_status":"closed","template":"","meta":{"_seopress_robots_primary_cat":"none","_seopress_titles_title":"China Fiber Optic SC UPC SC APC Fast Connector - CommMesh","_seopress_titles_desc":"","_seopress_robots_index":""},"product_brand":[],"product_cat":[28],"product_tag":[],"class_list":{"0":"post-1739","1":"product","2":"type-product","3":"status-publish","4":"has-post-thumbnail","6":"product_cat-optical-fiber-connector","8":"first","9":"instock","10":"shipping-taxable","11":"product-type-simple"},"_links":{"self":[{"href":"https:\/\/commmesh.com\/es\/wp-json\/wp\/v2\/product\/1739","targetHints":{"allow":["GET"]}}],"collection":[{"href":"https:\/\/commmesh.com\/es\/wp-json\/wp\/v2\/product"}],"about":[{"href":"https:\/\/commmesh.com\/es\/wp-json\/wp\/v2\/types\/product"}],"replies":[{"embeddable":true,"href":"https:\/\/commmesh.com\/es\/wp-json\/wp\/v2\/comments?post=1739"}],"wp:featuredmedia":[{"embeddable":true,"href":"https:\/\/commmesh.com\/es\/wp-json\/wp\/v2\/media\/1740"}],"wp:attachment":[{"href":"https:\/\/commmesh.com\/es\/wp-json\/wp\/v2\/media?parent=1739"}],"wp:term":[{"taxonomy":"product_brand","embeddable":true,"href":"https:\/\/commmesh.com\/es\/wp-json\/wp\/v2\/product_brand?post=1739"},{"taxonomy":"product_cat","embeddable":true,"href":"https:\/\/commmesh.com\/es\/wp-json\/wp\/v2\/product_cat?post=1739"},{"taxonomy":"product_tag","embeddable":true,"href":"https:\/\/commmesh.com\/es\/wp-json\/wp\/v2\/product_tag?post=1739"}],"curies":[{"name":"wp","href":"https:\/\/api.w.org\/{rel}","templated":true}]}}