{"id":1759,"date":"2025-01-10T02:50:03","date_gmt":"2025-01-10T02:50:03","guid":{"rendered":"https:\/\/commmesh.com\/?post_type=product&#038;p=1759"},"modified":"2025-03-05T07:47:56","modified_gmt":"2025-03-05T07:47:56","slug":"sc-apc-to-sc-apc","status":"publish","type":"product","link":"https:\/\/commmesh.com\/es\/product\/sc-apc-to-sc-apc\/","title":{"rendered":"Cable de conexi\u00f3n SC APC a SC APC preterminado FTTH"},"content":{"rendered":"<p>Puede mejorar la conectividad de su red con este latiguillo de fibra \u00f3ptica monomodo simplex SC APC a SC APC. Este cable est\u00e1 dise\u00f1ado para una degradaci\u00f3n de se\u00f1al pr\u00e1cticamente nula. Adem\u00e1s, cuenta con un revestimiento de n\u00facleo de 9\/125 \u03bcm. La fibra \u00f3ptica cumple con la norma ITU-T G.657.A1.<\/p>\n<p>Adem\u00e1s, el cable tiene una p\u00e9rdida de inserci\u00f3n t\u00edpica de 0,2 dB. Experimentar\u00e1 una p\u00e9rdida de retorno superior a 60 dB. Adem\u00e1s, su pulido de contacto f\u00edsico en \u00e1ngulo mejora el rendimiento. Este cable de conexi\u00f3n funciona entre -40 \u00b0C y 85 \u00b0C. Su di\u00e1metro exterior mide 2,0 mm.<\/p>\n<p>El cable incluye un conector con f\u00e9rula cer\u00e1mica. Cuenta con cubiertas de baja emisi\u00f3n de humo y libre de hal\u00f3genos. Su durabilidad es de hasta 500 ciclos de acoplamiento. El conjunto cumple con los est\u00e1ndares Telecordia GR-326-CORE y la norma IEC 61754-20.<\/p>\n<p>El producto admite la transmisi\u00f3n de datos a 10 Gbps. Funciona en longitudes de onda de 1310 nm o 1550 nm. Adem\u00e1s, soporta una fuerza de tracci\u00f3n de 100 N. Su radio de curvatura m\u00ednimo es de 30 mm.<\/p>","protected":false},"excerpt":{"rendered":"<p>You can upgrade network connectivity with this SC APC to SC APC simplex single-mode fiber optic patch cord. This cable is designed to suffer almost no signal degradation. Further, it features 9\/125 \u03bcm core-cladding. The optical fiber is ITU-T G.657.A1 compliant. Additionally, the cable has a typical insertion loss of 0.2 dB. You will experience [&hellip;]<\/p>","protected":false},"featured_media":2520,"comment_status":"open","ping_status":"closed","template":"","meta":{"_seopress_robots_primary_cat":"none","_seopress_titles_title":"FTTH Pre Terminated SC APC to SC APC Patch Cable - COMMMESH","_seopress_titles_desc":"","_seopress_robots_index":""},"product_brand":[],"product_cat":[23],"product_tag":[],"class_list":{"0":"post-1759","1":"product","2":"type-product","3":"status-publish","4":"has-post-thumbnail","6":"product_cat-fiber-patch-cord","8":"first","9":"instock","10":"shipping-taxable","11":"product-type-simple"},"_links":{"self":[{"href":"https:\/\/commmesh.com\/es\/wp-json\/wp\/v2\/product\/1759","targetHints":{"allow":["GET"]}}],"collection":[{"href":"https:\/\/commmesh.com\/es\/wp-json\/wp\/v2\/product"}],"about":[{"href":"https:\/\/commmesh.com\/es\/wp-json\/wp\/v2\/types\/product"}],"replies":[{"embeddable":true,"href":"https:\/\/commmesh.com\/es\/wp-json\/wp\/v2\/comments?post=1759"}],"wp:featuredmedia":[{"embeddable":true,"href":"https:\/\/commmesh.com\/es\/wp-json\/wp\/v2\/media\/2520"}],"wp:attachment":[{"href":"https:\/\/commmesh.com\/es\/wp-json\/wp\/v2\/media?parent=1759"}],"wp:term":[{"taxonomy":"product_brand","embeddable":true,"href":"https:\/\/commmesh.com\/es\/wp-json\/wp\/v2\/product_brand?post=1759"},{"taxonomy":"product_cat","embeddable":true,"href":"https:\/\/commmesh.com\/es\/wp-json\/wp\/v2\/product_cat?post=1759"},{"taxonomy":"product_tag","embeddable":true,"href":"https:\/\/commmesh.com\/es\/wp-json\/wp\/v2\/product_tag?post=1759"}],"curies":[{"name":"wp","href":"https:\/\/api.w.org\/{rel}","templated":true}]}}