{"id":1761,"date":"2025-01-10T02:51:47","date_gmt":"2025-01-10T02:51:47","guid":{"rendered":"https:\/\/commmesh.com\/?post_type=product&#038;p=1761"},"modified":"2025-03-05T07:02:03","modified_gmt":"2025-03-05T07:02:03","slug":"sc-upc-to-sc-apc","status":"publish","type":"product","link":"https:\/\/commmesh.com\/es\/product\/sc-upc-to-sc-apc\/","title":{"rendered":"Cable de conexi\u00f3n FTTH preterminado SC UPC a SC APC"},"content":{"rendered":"<p>Un cable conecta tus dispositivos de forma experta. Un extremo utiliza un conector SC\/UPC. El otro extremo, una conexi\u00f3n SC\/APC. Una conexi\u00f3n SC UPC a SC APC proporciona fibra de 9\/125 micras. Recibe longitudes de onda \u00f3ptimas de 1310 nm a 1550 nm. El componente incluye una f\u00e9rula de 2,5 mm.<\/p>\n<p>Se puede esperar una composici\u00f3n cer\u00e1mica. La p\u00e9rdida de inserci\u00f3n es de 0,2 dB. La p\u00e9rdida de retorno para APC es \u226560 dB. La p\u00e9rdida de retorno UPC del cable de conexi\u00f3n es \u226550 dB. El rango de temperatura del cable es de -20 \u00b0C a 70 \u00b0C. Esta unidad tiene una funda de 3,0 mm. La capacidad nominal es de 500 ciclos. Dispone de un solo modo.<\/p>\n<p>La fibra tiene un canal s\u00edmplex dentro. Se ver\u00e1 una cubierta exterior amarilla. Su construcci\u00f3n cumple con los est\u00e1ndares de la industria.<\/p>","protected":false},"excerpt":{"rendered":"<p>A cable expertly joins your devices. One end utilizes an SC\/UPC connector. An SC\/APC connection is on the other end. An SC UPC to SC APC build gives 9\/125-micron fiber. Optimal 1310 nm to 1550 nm wavelengths are what you receive. A 2.5 mm ferrule is a feature of the component. A ceramic composition is [&hellip;]<\/p>","protected":false},"featured_media":1762,"comment_status":"open","ping_status":"closed","template":"","meta":{"_seopress_robots_primary_cat":"none","_seopress_titles_title":"FTTH Pre Terminated SC UPC to SC APC Patch Cable","_seopress_titles_desc":"","_seopress_robots_index":""},"product_brand":[],"product_cat":[23],"product_tag":[],"class_list":{"0":"post-1761","1":"product","2":"type-product","3":"status-publish","4":"has-post-thumbnail","6":"product_cat-fiber-patch-cord","8":"first","9":"instock","10":"shipping-taxable","11":"product-type-simple"},"_links":{"self":[{"href":"https:\/\/commmesh.com\/es\/wp-json\/wp\/v2\/product\/1761","targetHints":{"allow":["GET"]}}],"collection":[{"href":"https:\/\/commmesh.com\/es\/wp-json\/wp\/v2\/product"}],"about":[{"href":"https:\/\/commmesh.com\/es\/wp-json\/wp\/v2\/types\/product"}],"replies":[{"embeddable":true,"href":"https:\/\/commmesh.com\/es\/wp-json\/wp\/v2\/comments?post=1761"}],"wp:featuredmedia":[{"embeddable":true,"href":"https:\/\/commmesh.com\/es\/wp-json\/wp\/v2\/media\/1762"}],"wp:attachment":[{"href":"https:\/\/commmesh.com\/es\/wp-json\/wp\/v2\/media?parent=1761"}],"wp:term":[{"taxonomy":"product_brand","embeddable":true,"href":"https:\/\/commmesh.com\/es\/wp-json\/wp\/v2\/product_brand?post=1761"},{"taxonomy":"product_cat","embeddable":true,"href":"https:\/\/commmesh.com\/es\/wp-json\/wp\/v2\/product_cat?post=1761"},{"taxonomy":"product_tag","embeddable":true,"href":"https:\/\/commmesh.com\/es\/wp-json\/wp\/v2\/product_tag?post=1761"}],"curies":[{"name":"wp","href":"https:\/\/api.w.org\/{rel}","templated":true}]}}