{"id":1765,"date":"2025-01-10T07:37:51","date_gmt":"2025-01-10T07:37:51","guid":{"rendered":"https:\/\/commmesh.com\/?post_type=product&#038;p=1765"},"modified":"2025-03-05T03:56:51","modified_gmt":"2025-03-05T03:56:51","slug":"fiber-optic-pigtails","status":"publish","type":"product","link":"https:\/\/commmesh.com\/es\/product\/fiber-optic-pigtails\/","title":{"rendered":"Pigtails de fibra \u00f3ptica monomodo y multimodo SC LC"},"content":{"rendered":"<p>Los pigtails de fibra \u00f3ptica crean conexiones. Piense en ellos como cables especiales hechos de vidrio, no de cobre. Estos cables vienen con un conector preinstalado de f\u00e1brica. El otro extremo est\u00e1 desnudo.<\/p>\n<p>Puedes conectar este extremo a otro cable de fibra. Los pigtails de fibra \u00f3ptica ayudan a conectar diferentes partes de una gran red que utiliza luz para enviar informaci\u00f3n. Una capa delgada y resistente, de tan solo 900 \u00b5m de grosor, cubre el vidrio. La parte central, llamada n\u00facleo, es muy peque\u00f1a, de tan solo 9 \u00b5m de di\u00e1metro.<\/p>\n<p>Alrededor del n\u00facleo hay otra capa llamada revestimiento, de 125 \u00b5m. Al unirlos, se busca una p\u00e9rdida de luz m\u00ednima, inferior a 0,2 dB. Adem\u00e1s, se busca asegurar que la luz no rebote demasiado, preferiblemente menos de 55 dB. Los pigtails de fibra \u00f3ptica funcionan con tipos espec\u00edficos de luz, medidos en longitudes de onda de 1310 nm o 1550 nm. Se pueden usar en lugares fr\u00edos de hasta -20 \u00b0C y c\u00e1lidos de hasta 70 \u00b0C. El conector del extremo est\u00e1 hecho de un material duro llamado cer\u00e1mica.<\/p>\n<p>Existen diferentes maneras de pulir los extremos, como el UPC. Tambi\u00e9n existe el APC, que es a\u00fan mejor para evitar el rebote de la luz. Se trata de diferentes tipos de fibra de vidrio, como el OS2. La cubierta exterior est\u00e1 hecha de materiales como el PVC. Los pigtails de fibra \u00f3ptica pueden enviar una o varias se\u00f1ales de luz a la vez.<\/p>","protected":false},"excerpt":{"rendered":"<p>Fiber optic pigtails create connections. Think of these as special wires made of glass, not copper. These cables have a connector already put on at the factory. You will find the other end bare. You can join this end to another fiber cable. Fiber optic pigtails help connect different parts of a big network that [&hellip;]<\/p>","protected":false},"featured_media":1766,"comment_status":"open","ping_status":"closed","template":"","meta":{"_seopress_robots_primary_cat":"none","_seopress_titles_title":"Single Mode and Multimode SC LC Fiber Optic Pigtails","_seopress_titles_desc":"","_seopress_robots_index":""},"product_brand":[],"product_cat":[23],"product_tag":[],"class_list":{"0":"post-1765","1":"product","2":"type-product","3":"status-publish","4":"has-post-thumbnail","6":"product_cat-fiber-patch-cord","8":"first","9":"instock","10":"shipping-taxable","11":"product-type-simple"},"_links":{"self":[{"href":"https:\/\/commmesh.com\/es\/wp-json\/wp\/v2\/product\/1765","targetHints":{"allow":["GET"]}}],"collection":[{"href":"https:\/\/commmesh.com\/es\/wp-json\/wp\/v2\/product"}],"about":[{"href":"https:\/\/commmesh.com\/es\/wp-json\/wp\/v2\/types\/product"}],"replies":[{"embeddable":true,"href":"https:\/\/commmesh.com\/es\/wp-json\/wp\/v2\/comments?post=1765"}],"wp:featuredmedia":[{"embeddable":true,"href":"https:\/\/commmesh.com\/es\/wp-json\/wp\/v2\/media\/1766"}],"wp:attachment":[{"href":"https:\/\/commmesh.com\/es\/wp-json\/wp\/v2\/media?parent=1765"}],"wp:term":[{"taxonomy":"product_brand","embeddable":true,"href":"https:\/\/commmesh.com\/es\/wp-json\/wp\/v2\/product_brand?post=1765"},{"taxonomy":"product_cat","embeddable":true,"href":"https:\/\/commmesh.com\/es\/wp-json\/wp\/v2\/product_cat?post=1765"},{"taxonomy":"product_tag","embeddable":true,"href":"https:\/\/commmesh.com\/es\/wp-json\/wp\/v2\/product_tag?post=1765"}],"curies":[{"name":"wp","href":"https:\/\/api.w.org\/{rel}","templated":true}]}}