{"id":2526,"date":"2025-02-11T08:29:53","date_gmt":"2025-02-11T08:29:53","guid":{"rendered":"https:\/\/commmesh.com\/?post_type=product&#038;p=2526"},"modified":"2025-02-28T07:47:09","modified_gmt":"2025-02-28T07:47:09","slug":"fiber-optic-cable-reel","status":"publish","type":"product","link":"https:\/\/commmesh.com\/es\/product\/fiber-optic-cable-reel\/","title":{"rendered":"Carrete de cable de fibra \u00f3ptica preterminado a la venta"},"content":{"rendered":"<p>Este carrete protege las fibras \u00f3pticas. El buffer de 250 \u00b5m protege cada hebra. Evita dobleces que superen el radio de curvatura m\u00ednimo de 30 mm. Permite gestionar f\u00e1cilmente fibras monomodo.<\/p>\n<p>Organiza los cables, evitando torceduras. El di\u00e1metro de la brida es crucial. El dise\u00f1o del cubo evita curvas cerradas. Este carrete evita la degradaci\u00f3n de la se\u00f1al por macrocurvas.<\/p>\n<p>El carrete es para fibras con n\u00facleo de 9\/125 \u00b5m. Es perfecto para implementaciones FTTH. \u00daselo para conjuntos preterminados. El n\u00facleo del carrete admite diferentes longitudes de cable. Funciona con fibras compatibles con G.657.A1. Admite varios di\u00e1metros de cubierta.<\/p>","protected":false},"excerpt":{"rendered":"<p>This reel keeps optical fibers safe. The 250\u00b5m buffer protects each strand. It prevents kinks exceeding the 30mm minimum bend radius. You can easily manage single-mode fibers. It organizes cables, avoiding twists. The flange diameter is crucial here. The hub design prevents tight bends. This reel avoids signal degradation from macro-bending. The reel is for [&hellip;]<\/p>","protected":false},"featured_media":2532,"comment_status":"open","ping_status":"closed","template":"","meta":{"_seopress_robots_primary_cat":"none","_seopress_titles_title":"Pre Terminated Fiber Optic Cable Reel For Sale - CommMesh","_seopress_titles_desc":"","_seopress_robots_index":""},"product_brand":[],"product_cat":[31],"product_tag":[],"class_list":{"0":"post-2526","1":"product","2":"type-product","3":"status-publish","4":"has-post-thumbnail","6":"product_cat-fiber-optic-cable","8":"first","9":"instock","10":"shipping-taxable","11":"product-type-simple"},"_links":{"self":[{"href":"https:\/\/commmesh.com\/es\/wp-json\/wp\/v2\/product\/2526","targetHints":{"allow":["GET"]}}],"collection":[{"href":"https:\/\/commmesh.com\/es\/wp-json\/wp\/v2\/product"}],"about":[{"href":"https:\/\/commmesh.com\/es\/wp-json\/wp\/v2\/types\/product"}],"replies":[{"embeddable":true,"href":"https:\/\/commmesh.com\/es\/wp-json\/wp\/v2\/comments?post=2526"}],"wp:featuredmedia":[{"embeddable":true,"href":"https:\/\/commmesh.com\/es\/wp-json\/wp\/v2\/media\/2532"}],"wp:attachment":[{"href":"https:\/\/commmesh.com\/es\/wp-json\/wp\/v2\/media?parent=2526"}],"wp:term":[{"taxonomy":"product_brand","embeddable":true,"href":"https:\/\/commmesh.com\/es\/wp-json\/wp\/v2\/product_brand?post=2526"},{"taxonomy":"product_cat","embeddable":true,"href":"https:\/\/commmesh.com\/es\/wp-json\/wp\/v2\/product_cat?post=2526"},{"taxonomy":"product_tag","embeddable":true,"href":"https:\/\/commmesh.com\/es\/wp-json\/wp\/v2\/product_tag?post=2526"}],"curies":[{"name":"wp","href":"https:\/\/api.w.org\/{rel}","templated":true}]}}