{"id":2934,"date":"2025-03-17T07:43:14","date_gmt":"2025-03-17T07:43:14","guid":{"rendered":"https:\/\/commmesh.com\/?post_type=product&#038;p=2934"},"modified":"2025-03-25T09:44:37","modified_gmt":"2025-03-25T09:44:37","slug":"fiber-optic-repair-closure","status":"publish","type":"product","link":"https:\/\/commmesh.com\/es\/product\/fiber-optic-repair-closure\/","title":{"rendered":"Cierre de reparaci\u00f3n de fibra \u00f3ptica"},"content":{"rendered":"<p>El cierre CommMesh reconstruye r\u00e1pidamente los enlaces de fibra da\u00f1ados. Los sellos de gel (9 x 216 mm) protegen de la intemperie. Como resultado, puede realizar hasta 144 empalmes de fusi\u00f3n individuales r\u00e1pidamente. La carcasa consta de 4 puertos de entrada. Adem\u00e1s, su resistencia a la tracci\u00f3n es superior a 1000 N. Por lo tanto, este cierre de reparaci\u00f3n de fibra \u00f3ptica incluye 6 bandejas de empalme.<\/p>\n<p>Su compacto tama\u00f1o de 450 mm de largo tambi\u00e9n contribuye. Su resistencia a impactos de 15 Nm es realmente impresionante. De esta manera, se puede confiar en su funcionamiento fiable en despliegues a\u00e9reos. Esto significa que el polvo no entra en la carcasa. Con una clasificaci\u00f3n IP68, este dispositivo est\u00e1 completamente libre de polvo.<\/p>\n<p>Adem\u00e1s, es resistente a la inmersi\u00f3n en agua. El rango de temperatura de funcionamiento es de -40 \u00b0C a +65 \u00b0C. Cuerpo de polipropileno (PP) de alto impacto.<\/p>\n<p>No se necesitan kits adicionales para la reentrada. El dise\u00f1o admite cables de 8 mm a 16 mm. El cierre tiene una capacidad m\u00e1xima de 288 n\u00facleos de fibra. Pesa aproximadamente 2,5 kg. Tambi\u00e9n incluye opciones para soportes de montaje de acero inoxidable.<\/p>","protected":false},"excerpt":{"rendered":"<p>The CommMesh closure rapidly reinstates damaged fiber links. The gel seals (9 x 216 mm) help shield from the elements. As a result, you can bring together up to 144 single fusion splices quickly. The housing unit consists of 4 entry ports. In addition, its tensile strength is more than 1000 N. So, this fiber [&hellip;]<\/p>","protected":false},"featured_media":2607,"comment_status":"open","ping_status":"closed","template":"","meta":{"_seopress_robots_primary_cat":"none","_seopress_titles_title":"","_seopress_titles_desc":"","_seopress_robots_index":""},"product_brand":[],"product_cat":[24],"product_tag":[],"class_list":{"0":"post-2934","1":"product","2":"type-product","3":"status-publish","4":"has-post-thumbnail","6":"product_cat-fiber-optic-termination-box","8":"first","9":"instock","10":"shipping-taxable","11":"product-type-simple"},"_links":{"self":[{"href":"https:\/\/commmesh.com\/es\/wp-json\/wp\/v2\/product\/2934","targetHints":{"allow":["GET"]}}],"collection":[{"href":"https:\/\/commmesh.com\/es\/wp-json\/wp\/v2\/product"}],"about":[{"href":"https:\/\/commmesh.com\/es\/wp-json\/wp\/v2\/types\/product"}],"replies":[{"embeddable":true,"href":"https:\/\/commmesh.com\/es\/wp-json\/wp\/v2\/comments?post=2934"}],"wp:featuredmedia":[{"embeddable":true,"href":"https:\/\/commmesh.com\/es\/wp-json\/wp\/v2\/media\/2607"}],"wp:attachment":[{"href":"https:\/\/commmesh.com\/es\/wp-json\/wp\/v2\/media?parent=2934"}],"wp:term":[{"taxonomy":"product_brand","embeddable":true,"href":"https:\/\/commmesh.com\/es\/wp-json\/wp\/v2\/product_brand?post=2934"},{"taxonomy":"product_cat","embeddable":true,"href":"https:\/\/commmesh.com\/es\/wp-json\/wp\/v2\/product_cat?post=2934"},{"taxonomy":"product_tag","embeddable":true,"href":"https:\/\/commmesh.com\/es\/wp-json\/wp\/v2\/product_tag?post=2934"}],"curies":[{"name":"wp","href":"https:\/\/api.w.org\/{rel}","templated":true}]}}