{"id":2937,"date":"2025-03-17T07:52:05","date_gmt":"2025-03-17T07:52:05","guid":{"rendered":"https:\/\/commmesh.com\/?post_type=product&#038;p=2937"},"modified":"2025-03-26T03:57:28","modified_gmt":"2025-03-26T03:57:28","slug":"ucao-outside-splice-closure","status":"publish","type":"product","link":"https:\/\/commmesh.com\/es\/product\/ucao-outside-splice-closure\/","title":{"rendered":"Cierre de empalme exterior UCAO"},"content":{"rendered":"<p>Cierre de empalme externo UCAO: \u00a1Mantiene los enlaces de fibra \u00f3ptica seguros! Su resistente carcasa protege las conexiones importantes en el interior. Incorpora una junta especial que crea un sellado herm\u00e9tico IP68. El agua y el polvo quedan completamente fuera. El cuerpo del cierre est\u00e1 fabricado con termopl\u00e1stico resistente.<\/p>\n<p>Unos pestillos fijan la cubierta a la base. En el interior se encuentran bandejas de empalme. Estas bandejas organizan hasta 24 o 144 fibras. El cierre de empalme externo UCAO utiliza ojales. El alivio de tensi\u00f3n evita que el cable se tire hacia adentro. Los puertos de entrada de cables admiten cables de diferentes di\u00e1metros, posiblemente de 10 mm y tambi\u00e9n de 25 mm.<\/p>","protected":false},"excerpt":{"rendered":"<p>UCAO Outside Splice Closure: Keeps fiber optic links safe! The strong shell protects important connections inside. You will find a special gasket. It creates a tight IP68 seal. Water, and dust stay outside completely. The closure body uses tough thermoplastic. Latches secure the cover to the base. Inside are splice trays. These trays organize up [&hellip;]<\/p>","protected":false},"featured_media":2606,"comment_status":"open","ping_status":"closed","template":"","meta":{"_seopress_robots_primary_cat":"none","_seopress_titles_title":"","_seopress_titles_desc":"","_seopress_robots_index":""},"product_brand":[],"product_cat":[24],"product_tag":[],"class_list":{"0":"post-2937","1":"product","2":"type-product","3":"status-publish","4":"has-post-thumbnail","6":"product_cat-fiber-optic-termination-box","8":"first","9":"instock","10":"shipping-taxable","11":"product-type-simple"},"_links":{"self":[{"href":"https:\/\/commmesh.com\/es\/wp-json\/wp\/v2\/product\/2937","targetHints":{"allow":["GET"]}}],"collection":[{"href":"https:\/\/commmesh.com\/es\/wp-json\/wp\/v2\/product"}],"about":[{"href":"https:\/\/commmesh.com\/es\/wp-json\/wp\/v2\/types\/product"}],"replies":[{"embeddable":true,"href":"https:\/\/commmesh.com\/es\/wp-json\/wp\/v2\/comments?post=2937"}],"wp:featuredmedia":[{"embeddable":true,"href":"https:\/\/commmesh.com\/es\/wp-json\/wp\/v2\/media\/2606"}],"wp:attachment":[{"href":"https:\/\/commmesh.com\/es\/wp-json\/wp\/v2\/media?parent=2937"}],"wp:term":[{"taxonomy":"product_brand","embeddable":true,"href":"https:\/\/commmesh.com\/es\/wp-json\/wp\/v2\/product_brand?post=2937"},{"taxonomy":"product_cat","embeddable":true,"href":"https:\/\/commmesh.com\/es\/wp-json\/wp\/v2\/product_cat?post=2937"},{"taxonomy":"product_tag","embeddable":true,"href":"https:\/\/commmesh.com\/es\/wp-json\/wp\/v2\/product_tag?post=2937"}],"curies":[{"name":"wp","href":"https:\/\/api.w.org\/{rel}","templated":true}]}}