{"id":2940,"date":"2025-03-17T08:09:39","date_gmt":"2025-03-17T08:09:39","guid":{"rendered":"https:\/\/commmesh.com\/?post_type=product&#038;p=2940"},"modified":"2025-03-25T09:22:28","modified_gmt":"2025-03-25T09:22:28","slug":"connectorised-block-terminal","status":"publish","type":"product","link":"https:\/\/commmesh.com\/es\/product\/connectorised-block-terminal\/","title":{"rendered":"Terminal de bloque conectorizado"},"content":{"rendered":"<p>Los terminales de bloque conectorizados ofrecen conexiones de fibra \u00f3ptica sin esfuerzo. Permite conectar r\u00e1pidamente cables de acometida. Los conectores OptiTap garantizan instalaciones sencillas. La clasificaci\u00f3n IP68 garantiza la protecci\u00f3n contra el agua. Por lo tanto, las conexiones se mantienen seguras en entornos hostiles.<\/p>\n<p>Los cables preterminados eliminan la complejidad de los empalmes en campo. Un CBT acelera considerablemente la implementaci\u00f3n de la red FTTx. Las bandejas de empalme internas gestionan la fibra de forma ordenada. Estas utilizan empalmes por fusi\u00f3n con una p\u00e9rdida de inserci\u00f3n de 0,3 dB. La carcasa de pol\u00edmero estabilizado a los rayos UV ofrece una gran durabilidad.<\/p>\n<p>El terminal admite divisores 1:8 o 1:32. Por lo tanto, es de tipo PLC para se\u00f1ales. La p\u00e9rdida de retorno es &gt;50 dB. La fuerza de retenci\u00f3n del cable es &gt;50 N.<\/p>","protected":false},"excerpt":{"rendered":"<p>Connectorized Block Terminals offer effortless fiber optic links. You can quickly connect drop cables. The OptiTap connectors ensure simple installations. IP68 rating guarantees protection against water. Therefore, connections remain secure in harsh environments. Pre-terminated cables eliminate complex field splicing. A CBT greatly speeds up FTTx network deployment. Internal splice trays manage fiber neatly. These utilize [&hellip;]<\/p>","protected":false},"featured_media":2944,"comment_status":"open","ping_status":"closed","template":"","meta":{"_seopress_robots_primary_cat":"none","_seopress_titles_title":"","_seopress_titles_desc":"","_seopress_robots_index":""},"product_brand":[],"product_cat":[24],"product_tag":[],"class_list":{"0":"post-2940","1":"product","2":"type-product","3":"status-publish","4":"has-post-thumbnail","6":"product_cat-fiber-optic-termination-box","8":"first","9":"instock","10":"shipping-taxable","11":"product-type-simple"},"_links":{"self":[{"href":"https:\/\/commmesh.com\/es\/wp-json\/wp\/v2\/product\/2940","targetHints":{"allow":["GET"]}}],"collection":[{"href":"https:\/\/commmesh.com\/es\/wp-json\/wp\/v2\/product"}],"about":[{"href":"https:\/\/commmesh.com\/es\/wp-json\/wp\/v2\/types\/product"}],"replies":[{"embeddable":true,"href":"https:\/\/commmesh.com\/es\/wp-json\/wp\/v2\/comments?post=2940"}],"wp:featuredmedia":[{"embeddable":true,"href":"https:\/\/commmesh.com\/es\/wp-json\/wp\/v2\/media\/2944"}],"wp:attachment":[{"href":"https:\/\/commmesh.com\/es\/wp-json\/wp\/v2\/media?parent=2940"}],"wp:term":[{"taxonomy":"product_brand","embeddable":true,"href":"https:\/\/commmesh.com\/es\/wp-json\/wp\/v2\/product_brand?post=2940"},{"taxonomy":"product_cat","embeddable":true,"href":"https:\/\/commmesh.com\/es\/wp-json\/wp\/v2\/product_cat?post=2940"},{"taxonomy":"product_tag","embeddable":true,"href":"https:\/\/commmesh.com\/es\/wp-json\/wp\/v2\/product_tag?post=2940"}],"curies":[{"name":"wp","href":"https:\/\/api.w.org\/{rel}","templated":true}]}}