{"id":1653,"date":"2025-01-02T09:59:39","date_gmt":"2025-01-02T09:59:39","guid":{"rendered":"https:\/\/commmesh.com\/?post_type=product&#038;p=1653"},"modified":"2026-01-24T07:39:07","modified_gmt":"2026-01-24T07:39:07","slug":"plc-splitter","status":"publish","type":"product","link":"https:\/\/commmesh.com\/sw\/product\/plc-splitter\/","title":{"rendered":"Kigawanyiko cha 1\u00d72 1\u00d74 1\u00d78 1\u00d716 1\u00d732 1\u00d764 cha Fiber Optic Plc"},"content":{"rendered":"<p>Vigawanyiko vyetu vya PLC vinahakikisha kuwa mawimbi yanasambazwa kwa ufanisi. Unapata matokeo 32 kutoka kwa nyuzi moja ya kuingiza. Hizi zina usanidi wa 1\u00d732, kwa kutumia aina za nyuzi za hali moja (SMF). Zina mikia ya nyuzi 900\u00b5m iliyobanwa sana. Wanahakikisha uharibifu wa chini wa ishara.<\/p>\n<p>Vifaa vina upana wa urefu wa uendeshaji wa 1260-1650 nm. Wanafaa kwa matumizi mengi. Angalia unyeti wa mgawanyiko wa 0.25dB. Pia, unaweza kuona usawa wake sahihi wa 0.9 dB. Zaidi ya hayo, ina ukandamizaji wa uakisi wa chini wa 55dB.<\/p>\n<p>Unaweza kuitumia kwa halijoto kutoka -40\u00b0C hadi 85\u00b0C. Hizi hufanya kazi kwa nguvu ya macho ya 15dBm ya juu zaidi. Kigawanyiko hiki kinatumia nyuzi za macho zisizogusika za daraja la G.657A1. Inajumuisha kusitishwa kwa SC\/APC ya kiwango cha juu. Nyumba yake hutumia chuma kilichovingirishwa kwa baridi cha SPCC.<\/p>","protected":false},"excerpt":{"rendered":"<p>Our PLC splitters ensure signals are distributed efficiently. You get 32 outputs from a single input fiber. These have 1&#215;32 configurations, using single-mode fiber (SMF) types. They feature 900\u00b5m tight-buffered fiber pigtails. They ensure a minimum degradation of the signal. The devices feature a broad 1260-1650 nm operational wavelength range. They are suitable for many [&hellip;]<\/p>","protected":false},"featured_media":1654,"comment_status":"open","ping_status":"closed","template":"","meta":{"_seopress_robots_primary_cat":"none","_seopress_titles_title":"1x4 1x8 1x16 1x32 1x64 Fiber Optic Plc Splitter Cheap Price","_seopress_titles_desc":"","_seopress_robots_index":""},"product_brand":[],"product_cat":[29],"product_tag":[],"class_list":{"0":"post-1653","1":"product","2":"type-product","3":"status-publish","4":"has-post-thumbnail","6":"product_cat-plc-splitter","8":"first","9":"instock","10":"shipping-taxable","11":"product-type-simple"},"_links":{"self":[{"href":"https:\/\/commmesh.com\/sw\/wp-json\/wp\/v2\/product\/1653","targetHints":{"allow":["GET"]}}],"collection":[{"href":"https:\/\/commmesh.com\/sw\/wp-json\/wp\/v2\/product"}],"about":[{"href":"https:\/\/commmesh.com\/sw\/wp-json\/wp\/v2\/types\/product"}],"replies":[{"embeddable":true,"href":"https:\/\/commmesh.com\/sw\/wp-json\/wp\/v2\/comments?post=1653"}],"wp:featuredmedia":[{"embeddable":true,"href":"https:\/\/commmesh.com\/sw\/wp-json\/wp\/v2\/media\/1654"}],"wp:attachment":[{"href":"https:\/\/commmesh.com\/sw\/wp-json\/wp\/v2\/media?parent=1653"}],"wp:term":[{"taxonomy":"product_brand","embeddable":true,"href":"https:\/\/commmesh.com\/sw\/wp-json\/wp\/v2\/product_brand?post=1653"},{"taxonomy":"product_cat","embeddable":true,"href":"https:\/\/commmesh.com\/sw\/wp-json\/wp\/v2\/product_cat?post=1653"},{"taxonomy":"product_tag","embeddable":true,"href":"https:\/\/commmesh.com\/sw\/wp-json\/wp\/v2\/product_tag?post=1653"}],"curies":[{"name":"wp","href":"https:\/\/api.w.org\/{rel}","templated":true}]}}