{"id":1590,"date":"2024-12-26T09:15:36","date_gmt":"2024-12-26T09:15:36","guid":{"rendered":"https:\/\/commmesh.com\/?post_type=product&#038;p=1590"},"modified":"2025-03-06T03:06:41","modified_gmt":"2025-03-06T03:06:41","slug":"fiber-optic-enclosure","status":"publish","type":"product","link":"https:\/\/commmesh.com\/vi\/product\/fiber-optic-enclosure\/","title":{"rendered":"V\u1ecf b\u1ecdc m\u1ed1i n\u1ed1i ngo\u00e0i tr\u1eddi V\u1ecf b\u1ecdc s\u1ee3i quang d\u1ecdc"},"content":{"rendered":"<p>\u0110\u00e2y l\u00e0 h\u1ed9p \u0111\u1eb7c bi\u1ec7t. N\u00f3 b\u1ea3o v\u1ec7 c\u00e1p quang. B\u1ea1n s\u1ebd t\u00ecm th\u1ea5y nh\u1eefng h\u1ed9p c\u00e1p quang n\u00e0y \u1edf kh\u1eafp m\u1ecdi n\u01a1i. L\u00fd do c\u1ee7a nh\u1eefng h\u1ed9p n\u00e0y l\u00e0 ch\u00fang b\u1ea3o v\u1ec7 khay n\u1ed1i, b\u1ed9 \u0111i\u1ec1u h\u1ee3p v\u00e0 d\u00e2y n\u1ed1i. H\u1ed9p c\u00f3 dung l\u01b0\u1ee3ng 24 s\u1ee3i quang v\u1edbi \u0111\u1ea7u n\u1ed1i SC\/APC. N\u00f3 s\u1eed d\u1ee5ng lo\u1ea1i s\u1ee3i quang \u0111\u01a1n mode.<\/p>\n<p>V\u1ecf b\u1ecdc s\u1ee3i quang c\u00f3 thi\u1ebft k\u1ebf l\u1eafp tr\u00ean gi\u00e1 \u0111\u1ee1 19 inch. C\u00e1c h\u1ed9p c\u0169ng ch\u1ee9a \u1ed1ng b\u1ea3o v\u1ec7 m\u1ed1i n\u1ed1i, k\u00eanh \u0111\u1ecbnh tuy\u1ebfn s\u1ee3i v\u00e0 \u0111\u1ea7u n\u1ed1i c\u00e1p. V\u1ecf b\u1ecdc s\u1ee3i quang c\u00f3 chi\u1ec1u cao 2U, v\u1edbi 12 c\u1ed5ng.<\/p>\n<p>N\u00f3 cung c\u1ea5p kh\u1ea3 n\u0103ng b\u1ea3o v\u1ec7 IP65, 4 \u0111i\u1ec3m v\u00e0o c\u00e1p v\u00e0 24 \u0111i\u1ec3m k\u1ebft th\u00fac. B\u1ea1n s\u1ebd th\u1ea5y 10 b\u1ed9 chuy\u1ec3n \u0111\u1ed5i s\u1ee3i quang v\u00e0 10 d\u00e2y bu\u1ed9c c\u00e1p. N\u00f3 s\u1eed d\u1ee5ng ph\u1edbt c\u01a1 kh\u00ed v\u00e0 c\u00f3 b\u1ed9 d\u1ee5ng c\u1ee5 g\u1eafn t\u01b0\u1eddng. Ch\u00fang t\u00f4i t\u1ea1i COMMMESH, \u0111\u1ea3m b\u1ea3o c\u00e1c s\u1ea3n ph\u1ea9m v\u00e0 d\u1ecbch v\u1ee5 ch\u1ea5t l\u01b0\u1ee3ng t\u1ed1t nh\u1ea5t t\u1eeb tr\u01b0\u1edbc \u0111\u1ebfn nay!<\/p>","protected":false},"excerpt":{"rendered":"<p>This is a special box. It protects fiber optic cables. You will find these fiber optic enclosures everywhere. The reason for these boxes is that they safeguard the splice trays, adapters and pigtails. The enclosure has a 24-fiber capacity with SC\/APC connectors. It uses a single-mode fiber type. A fiber optic enclosure has a 19-inch [&hellip;]<\/p>","protected":false},"featured_media":1781,"comment_status":"open","ping_status":"closed","template":"","meta":{"_seopress_robots_primary_cat":"none","_seopress_titles_title":"Outdoor Splice Enclosure Vertical Fiber Optic Enclosure Box","_seopress_titles_desc":"","_seopress_robots_index":""},"product_brand":[],"product_cat":[24],"product_tag":[],"class_list":{"0":"post-1590","1":"product","2":"type-product","3":"status-publish","4":"has-post-thumbnail","6":"product_cat-fiber-optic-termination-box","8":"first","9":"instock","10":"shipping-taxable","11":"product-type-simple"},"_links":{"self":[{"href":"https:\/\/commmesh.com\/vi\/wp-json\/wp\/v2\/product\/1590","targetHints":{"allow":["GET"]}}],"collection":[{"href":"https:\/\/commmesh.com\/vi\/wp-json\/wp\/v2\/product"}],"about":[{"href":"https:\/\/commmesh.com\/vi\/wp-json\/wp\/v2\/types\/product"}],"replies":[{"embeddable":true,"href":"https:\/\/commmesh.com\/vi\/wp-json\/wp\/v2\/comments?post=1590"}],"wp:featuredmedia":[{"embeddable":true,"href":"https:\/\/commmesh.com\/vi\/wp-json\/wp\/v2\/media\/1781"}],"wp:attachment":[{"href":"https:\/\/commmesh.com\/vi\/wp-json\/wp\/v2\/media?parent=1590"}],"wp:term":[{"taxonomy":"product_brand","embeddable":true,"href":"https:\/\/commmesh.com\/vi\/wp-json\/wp\/v2\/product_brand?post=1590"},{"taxonomy":"product_cat","embeddable":true,"href":"https:\/\/commmesh.com\/vi\/wp-json\/wp\/v2\/product_cat?post=1590"},{"taxonomy":"product_tag","embeddable":true,"href":"https:\/\/commmesh.com\/vi\/wp-json\/wp\/v2\/product_tag?post=1590"}],"curies":[{"name":"wp","href":"https:\/\/api.w.org\/{rel}","templated":true}]}}