{"id":1596,"date":"2024-12-26T09:28:16","date_gmt":"2024-12-26T09:28:16","guid":{"rendered":"https:\/\/commmesh.com\/?post_type=product&#038;p=1596"},"modified":"2025-03-06T02:55:26","modified_gmt":"2025-03-06T02:55:26","slug":"optical-fiber-connector","status":"publish","type":"product","link":"https:\/\/commmesh.com\/vi\/product\/optical-fiber-connector\/","title":{"rendered":"Nh\u00e0 s\u1ea3n xu\u1ea5t \u0111\u1ea7u n\u1ed1i c\u00e1p quang LC ST Trung Qu\u1ed1c"},"content":{"rendered":"<p>CommMesh cung c\u1ea5p c\u00e1c \u0111\u1ea7u n\u1ed1i c\u00e1p quang ch\u1ea5t l\u01b0\u1ee3ng h\u00e0ng \u0111\u1ea7u. B\u1ea1n s\u1ebd c\u1ea7n nh\u1eefng \u0111\u1ea7u n\u1ed1i n\u00e0y cho m\u1ea1ng c\u1ee7a m\u00ecnh. C\u00e1c \u0111\u1ea7u n\u1ed1i n\u00e0y \u0111\u1ea3m b\u1ea3o d\u1eef li\u1ec7u c\u1ee7a b\u1ea1n \u0111\u01b0\u1ee3c truy\u1ec1n \u0111i nhanh ch\u00f3ng. M\u1ed7i \u0111\u1ea7u n\u1ed1i c\u00f3 m\u1ed9t \u1ed1ng n\u1ed1i, l\u00e0 m\u1ed9t \u1ed1ng m\u1ecfng 1,25mm. \u1ed0ng n\u00e0y gi\u1eef s\u1ee3i th\u1ee7y tinh v\u00e0 th\u00e2n \u0111\u1ea7u n\u1ed1i b\u1eb1ng nh\u1ef1a ho\u1eb7c kim lo\u1ea1i \u0111\u1ec3 b\u1ea3o v\u1ec7.<\/p>\n<p>C\u01a1 ch\u1ebf gh\u00e9p n\u1ed1i gi\u1eef m\u1ecdi th\u1ee9 an to\u00e0n. \u0110\u1ed9 suy hao ch\u00e8n th\u00f4ng th\u01b0\u1eddng l\u00e0 d\u01b0\u1edbi 0,25 dB. D\u1ef1 ki\u1ebfn \u0111\u1ed9 suy hao ph\u1ea3n h\u1ed3i tr\u00ean 50 dB. Ch\u00fang t\u00f4i s\u1eed d\u1ee5ng l\u00f5i \u0111\u01a1n ch\u1ebf \u0111\u1ed9 (SM) 9\/125 \u00b5m. C\u00f3 s\u1eb5n l\u00f5i \u0111a ch\u1ebf \u0111\u1ed9 (MM) 50\/125 \u00b5m, 62,5\/125 \u00b5m. S\u1ea3n ph\u1ea9m c\u1ee7a ch\u00fang t\u00f4i c\u00f3 l\u1edbp ph\u1ee7 PC, UPC v\u00e0 APC. Ch\u00fang ho\u1ea1t \u0111\u1ed9ng t\u1ed1t trong ph\u1ea1m vi t\u1eeb -40\u00b0C \u0111\u1ebfn +85\u00b0C.<\/p>\n<p>Ch\u00fang \u0111\u01b0\u1ee3c th\u1eed nghi\u1ec7m theo ti\u00eau chu\u1ea9n TIA\/EIA-568, v\u1edbi c\u00e1c v\u00f2ng \u0111\u1ec7m b\u1eb1ng g\u1ed1m zirconia. Ch\u00fang t\u00f4i cung c\u1ea5p c\u00e1c c\u1ea5u h\u00ecnh \u0111\u01a1n v\u00e0 song c\u00f4ng v\u00e0 c\u00f3 b\u01b0\u1edbc s\u00f3ng 1310nm, 1550nm. Ngo\u00e0i ra c\u00f2n c\u00f3 c\u00e1c k\u00edch th\u01b0\u1edbc v\u1ecf b\u1ecdc l\u00e0 0,9mm, 2,0mm, 3,0mm.<\/p>","protected":false},"excerpt":{"rendered":"<p>CommMesh provides top-quality optical fiber connectors. You will need these for your network. These connectors ensure your data travels fast. Each connector has a ferrule, which is a 1.25mm thin tube. This tube holds the glass fiber and a connector body which is a plastic or metal, for protection. The coupling mechanism keeps things secure. [&hellip;]<\/p>","protected":false},"featured_media":1617,"comment_status":"open","ping_status":"closed","template":"","meta":{"_seopress_robots_primary_cat":"none","_seopress_titles_title":"China LC ST Optical Fiber Connector Manufacturer","_seopress_titles_desc":"","_seopress_robots_index":""},"product_brand":[],"product_cat":[28],"product_tag":[],"class_list":{"0":"post-1596","1":"product","2":"type-product","3":"status-publish","4":"has-post-thumbnail","6":"product_cat-optical-fiber-connector","8":"first","9":"instock","10":"shipping-taxable","11":"product-type-simple"},"_links":{"self":[{"href":"https:\/\/commmesh.com\/vi\/wp-json\/wp\/v2\/product\/1596","targetHints":{"allow":["GET"]}}],"collection":[{"href":"https:\/\/commmesh.com\/vi\/wp-json\/wp\/v2\/product"}],"about":[{"href":"https:\/\/commmesh.com\/vi\/wp-json\/wp\/v2\/types\/product"}],"replies":[{"embeddable":true,"href":"https:\/\/commmesh.com\/vi\/wp-json\/wp\/v2\/comments?post=1596"}],"wp:featuredmedia":[{"embeddable":true,"href":"https:\/\/commmesh.com\/vi\/wp-json\/wp\/v2\/media\/1617"}],"wp:attachment":[{"href":"https:\/\/commmesh.com\/vi\/wp-json\/wp\/v2\/media?parent=1596"}],"wp:term":[{"taxonomy":"product_brand","embeddable":true,"href":"https:\/\/commmesh.com\/vi\/wp-json\/wp\/v2\/product_brand?post=1596"},{"taxonomy":"product_cat","embeddable":true,"href":"https:\/\/commmesh.com\/vi\/wp-json\/wp\/v2\/product_cat?post=1596"},{"taxonomy":"product_tag","embeddable":true,"href":"https:\/\/commmesh.com\/vi\/wp-json\/wp\/v2\/product_tag?post=1596"}],"curies":[{"name":"wp","href":"https:\/\/api.w.org\/{rel}","templated":true}]}}