{"id":1598,"date":"2024-12-27T07:59:38","date_gmt":"2024-12-27T07:59:38","guid":{"rendered":"https:\/\/commmesh.com\/?post_type=product&#038;p=1598"},"modified":"2025-03-06T02:48:38","modified_gmt":"2025-03-06T02:48:38","slug":"fc-connector","status":"publish","type":"product","link":"https:\/\/commmesh.com\/vi\/product\/fc-connector\/","title":{"rendered":"Nh\u00e0 s\u1ea3n xu\u1ea5t \u0111\u1ea7u n\u1ed1i s\u1ee3i quang LC APC UPC FC"},"content":{"rendered":"<p>\u0110\u1ea7u n\u1ed1i FC c\u1ee7a ch\u00fang t\u00f4i s\u1eed d\u1ee5ng \u1ed1ng n\u1ed1i 2,5 mm. C\u00e1c \u0111\u1ea7u n\u1ed1i n\u00e0y c\u00f3 c\u00e1c lo\u1ea1i ch\u1ebf \u0111\u1ed9 \u0111\u01a1n, \u0111a ch\u1ebf \u0111\u1ed9 v\u00e0 APC. Ch\u1ebf \u0111\u1ed9 \u0111\u01a1n d\u00e0nh cho kho\u1ea3ng c\u00e1ch xa h\u01a1n, trong khi \u0111a ch\u1ebf \u0111\u1ed9 d\u00e0nh cho kho\u1ea3ng c\u00e1ch ng\u1eafn h\u01a1n. C\u00e1c lo\u1ea1i n\u00e0y c\u00f3 t\u1ed5n th\u1ea5t ch\u00e8n nh\u1ecf h\u01a1n 0,3 dB. Ch\u00fang cung c\u1ea5p t\u1ed5n th\u1ea5t ph\u1ea3n h\u1ed3i l\u1edbn h\u01a1n 60 dB.<\/p>\n<p>Ch\u00fang ho\u1ea1t \u0111\u1ed9ng trong kho\u1ea3ng t\u1eeb -40\u00b0C \u0111\u1ebfn 85\u00b0C. \u0110\u01b0\u1eddng k\u00ednh l\u00f5i s\u1ee3i dao \u0111\u1ed9ng t\u1eeb 9 \u00b5m \u0111\u1ebfn 62,5 \u00b5m. Ch\u00fang s\u1eed d\u1ee5ng g\u1ed1m zirconia ho\u1eb7c v\u00f2ng \u0111\u1ec7m b\u1eb1ng th\u00e9p kh\u00f4ng g\u1ec9. B\u1ea1n s\u1ebd t\u00ecm th\u1ea5y ren M8 x 0,75 mm. Ch\u00fang s\u1eed d\u1ee5ng c\u01a1 ch\u1ebf \u0111ai \u1ed1c n\u1ed1i ren. Gi\u00e1 \u0111\u1ee1 v\u00f2ng \u0111\u1ec7m \u0111\u01b0\u1ee3c l\u00e0m b\u1eb1ng PBT. L\u00f2 xo cung c\u1ea5p l\u1ef1c 8-12 N.<\/p>\n<p>C\u00e1p c\u00f3 k\u00edch th\u01b0\u1edbc 900 \u00b5m v\u1edbi b\u1ed9 \u0111\u1ec7m ch\u1eb7t. \u1ed0ng b\u1ecdc u\u1ed1n \u0111\u01b0\u1ee3c l\u00e0m b\u1eb1ng \u0111\u1ed3ng thau m\u1ea1 niken. \u1ed0ng gi\u1ea3m l\u1ef1c c\u0103ng \u0111\u01b0\u1ee3c l\u00e0m b\u1eb1ng TPE. Ch\u00fang s\u1eed d\u1ee5ng ch\u1ea5t \u0111\u00e1nh b\u00f3ng g\u00f3c 8\u00b0.<\/p>","protected":false},"excerpt":{"rendered":"<p>Our FC Connectors use a 2.5 mm ferrule. These connectors come in single mode, multimode, and APC varieties. Single mode is for longer distances, while multimode is for shorter distances. These have insertion losses less than 0.3 dB. They provide return losses greater than 60 dB. They operate between -40\u00b0C and 85\u00b0C. Fiber core diameters [&hellip;]<\/p>","protected":false},"featured_media":1625,"comment_status":"open","ping_status":"closed","template":"","meta":{"_seopress_robots_primary_cat":"none","_seopress_titles_title":"Fiber Optic LC APC UPC FC Connector Manufacturer","_seopress_titles_desc":"","_seopress_robots_index":""},"product_brand":[],"product_cat":[28],"product_tag":[],"class_list":{"0":"post-1598","1":"product","2":"type-product","3":"status-publish","4":"has-post-thumbnail","6":"product_cat-optical-fiber-connector","8":"first","9":"instock","10":"shipping-taxable","11":"product-type-simple"},"_links":{"self":[{"href":"https:\/\/commmesh.com\/vi\/wp-json\/wp\/v2\/product\/1598","targetHints":{"allow":["GET"]}}],"collection":[{"href":"https:\/\/commmesh.com\/vi\/wp-json\/wp\/v2\/product"}],"about":[{"href":"https:\/\/commmesh.com\/vi\/wp-json\/wp\/v2\/types\/product"}],"replies":[{"embeddable":true,"href":"https:\/\/commmesh.com\/vi\/wp-json\/wp\/v2\/comments?post=1598"}],"wp:featuredmedia":[{"embeddable":true,"href":"https:\/\/commmesh.com\/vi\/wp-json\/wp\/v2\/media\/1625"}],"wp:attachment":[{"href":"https:\/\/commmesh.com\/vi\/wp-json\/wp\/v2\/media?parent=1598"}],"wp:term":[{"taxonomy":"product_brand","embeddable":true,"href":"https:\/\/commmesh.com\/vi\/wp-json\/wp\/v2\/product_brand?post=1598"},{"taxonomy":"product_cat","embeddable":true,"href":"https:\/\/commmesh.com\/vi\/wp-json\/wp\/v2\/product_cat?post=1598"},{"taxonomy":"product_tag","embeddable":true,"href":"https:\/\/commmesh.com\/vi\/wp-json\/wp\/v2\/product_tag?post=1598"}],"curies":[{"name":"wp","href":"https:\/\/api.w.org\/{rel}","templated":true}]}}