{"id":1599,"date":"2024-12-27T08:00:14","date_gmt":"2024-12-27T08:00:14","guid":{"rendered":"https:\/\/commmesh.com\/?post_type=product&#038;p=1599"},"modified":"2025-03-06T02:39:50","modified_gmt":"2025-03-06T02:39:50","slug":"lc-connector","status":"publish","type":"product","link":"https:\/\/commmesh.com\/vi\/product\/lc-connector\/","title":{"rendered":"\u0110\u1ea7u n\u1ed1i APC LC ch\u1ebf \u0111\u1ed9 \u0111\u01a1n song c\u00f4ng s\u1ee3i quang"},"content":{"rendered":"<p>\u0110\u1ea7u n\u1ed1i LC nh\u1ecf. B\u1ea1n s\u1eed d\u1ee5ng n\u00f3 \u0111\u1ec3 k\u1ebft n\u1ed1i c\u00e1p quang. Ch\u1ed1t c\u1ee7a n\u00f3 gi\u1ed1ng nh\u01b0 m\u1ed9t Registered Jack 45 nh\u1ecf h\u01a1n. \u0110\u01b0\u1eddng k\u00ednh l\u00f5i \u0111o \u0111\u01b0\u1ee3c l\u00e0 9 micromet. \u0110\u01b0\u1eddng k\u00ednh v\u1ecf b\u1ecdc kho\u1ea3ng 125 micromet. \u0110\u01b0\u1eddng k\u00ednh ngo\u00e0i c\u1ee7a ferrule \u0111o \u0111\u01b0\u1ee3c l\u00e0 1,25 mm.<\/p>\n<p>N\u00f3 c\u00f3 th\u1ec3 x\u1eed l\u00fd b\u01b0\u1edbc s\u00f3ng 1310 nanomet. \u0110\u1ed9 suy hao ch\u00e8n t\u1ed1i \u0111a \u0111\u1ea1t 0,10 decibel. N\u00f3 \u0111\u00e1p \u1ee9ng ti\u00eau chu\u1ea9n Telecordia GR-326. K\u00edch th\u01b0\u1edbc s\u1ee3i l\u00e0 50\/125 \u0111a ch\u1ebf \u0111\u1ed9. \u0110\u1ed9 suy hao ph\u1ea3n h\u1ed3i l\u1edbn h\u01a1n 20 decibel.<\/p>\n<p>N\u00f3 ho\u1ea1t \u0111\u1ed9ng \u1edf nhi\u1ec7t \u0111\u1ed9 t\u1eeb \u00e2m 40 \u0111\u1ed9 C. \u0110\u1ed9 b\u1ec1n chu k\u1ef3 l\u1edbn h\u01a1n 500 chu k\u1ef3 giao ph\u1ed1i. V\u1eadt li\u1ec7u v\u1ecf l\u00e0 polyme nhi\u1ec7t d\u1ebbo. \u0110\u1ed9 gi\u1eef c\u00e1p t\u1ed1i thi\u1ec3u l\u00e0 7,4 Newton.<\/p>\n<p>H\u00ecnh d\u1ea1ng m\u1eb7t \u0111\u1ea7u c\u1ee7a ferrule l\u00e0 l\u1ed3i. K\u00edch th\u01b0\u1edbc v\u1ecf c\u00e1p l\u00ean \u0111\u1ebfn 3,0 mm. C\u00e1c lo\u1ea1i \u0111\u00e1nh b\u00f3ng bao g\u1ed3m Ultra Physical Contact. V\u1eadt li\u1ec7u \u1ed1ng l\u00f3t c\u0103n ch\u1ec9nh l\u00e0 g\u1ed1m zirconia. Ch\u1ebf \u0111\u1ed9 quang h\u1ecdc l\u00e0 ch\u1ebf \u0111\u1ed9 \u0111\u01a1n. C\u01a1 ch\u1ebf gh\u00e9p n\u1ed1i l\u00e0 \u0111\u1ea9y-k\u00e9o.<\/p>","protected":false},"excerpt":{"rendered":"<p>The LC connector is small. You use it for connecting fiber optic cables. Its latch resembles a smaller Registered Jack 45. Core diameter measures 9 micrometers. Cladding diameter is around 125 micrometers. Ferrule outside diameter measures 1.25 millimeters. It can handle wavelengths of 1310 nanometers. Maximum insertion loss reaches 0.10 decibels. It meets Telecordia GR-326 [&hellip;]<\/p>","protected":false},"featured_media":1624,"comment_status":"open","ping_status":"closed","template":"","meta":{"_seopress_robots_primary_cat":"none","_seopress_titles_title":"Fiber Optic Duplex Single Mode APC LC connector - CommMesh","_seopress_titles_desc":"","_seopress_robots_index":""},"product_brand":[],"product_cat":[28],"product_tag":[],"class_list":{"0":"post-1599","1":"product","2":"type-product","3":"status-publish","4":"has-post-thumbnail","6":"product_cat-optical-fiber-connector","8":"first","9":"instock","10":"shipping-taxable","11":"product-type-simple"},"_links":{"self":[{"href":"https:\/\/commmesh.com\/vi\/wp-json\/wp\/v2\/product\/1599","targetHints":{"allow":["GET"]}}],"collection":[{"href":"https:\/\/commmesh.com\/vi\/wp-json\/wp\/v2\/product"}],"about":[{"href":"https:\/\/commmesh.com\/vi\/wp-json\/wp\/v2\/types\/product"}],"replies":[{"embeddable":true,"href":"https:\/\/commmesh.com\/vi\/wp-json\/wp\/v2\/comments?post=1599"}],"wp:featuredmedia":[{"embeddable":true,"href":"https:\/\/commmesh.com\/vi\/wp-json\/wp\/v2\/media\/1624"}],"wp:attachment":[{"href":"https:\/\/commmesh.com\/vi\/wp-json\/wp\/v2\/media?parent=1599"}],"wp:term":[{"taxonomy":"product_brand","embeddable":true,"href":"https:\/\/commmesh.com\/vi\/wp-json\/wp\/v2\/product_brand?post=1599"},{"taxonomy":"product_cat","embeddable":true,"href":"https:\/\/commmesh.com\/vi\/wp-json\/wp\/v2\/product_cat?post=1599"},{"taxonomy":"product_tag","embeddable":true,"href":"https:\/\/commmesh.com\/vi\/wp-json\/wp\/v2\/product_tag?post=1599"}],"curies":[{"name":"wp","href":"https:\/\/api.w.org\/{rel}","templated":true}]}}