{"id":1601,"date":"2024-12-27T08:01:13","date_gmt":"2024-12-27T08:01:13","guid":{"rendered":"https:\/\/commmesh.com\/?post_type=product&#038;p=1601"},"modified":"2025-03-06T02:30:54","modified_gmt":"2025-03-06T02:30:54","slug":"sc-connector","status":"publish","type":"product","link":"https:\/\/commmesh.com\/vi\/product\/sc-connector\/","title":{"rendered":"Nh\u00e0 s\u1ea3n xu\u1ea5t \u0111\u1ea7u n\u1ed1i SC APC s\u1ee3i quang Trung Qu\u1ed1c"},"content":{"rendered":"<p>B\u1ea1n c\u1ea7n k\u1ebft n\u1ed1i \u0111\u00e1ng tin c\u1eady. \u0110\u1ea7u n\u1ed1i SC n\u00e0y cung c\u1ea5p ch\u00ednh x\u00e1c \u0111i\u1ec1u \u0111\u00f3. N\u00f3 s\u1eed d\u1ee5ng \u1ed1ng n\u1ed1i 2,5 mm. Thi\u1ebft k\u1ebf c\u00f3 c\u01a1 ch\u1ebf \u0111\u1ea9y-k\u00e9o \u0111\u1ec3 s\u1eed d\u1ee5ng \u0111\u01a1n gi\u1ea3n. N\u00f3 ho\u00e0n h\u1ea3o cho s\u1ee3i quang \u0111\u01a1n mode. \u0110\u1ea7u n\u1ed1i n\u00e0y \u0111\u1ea3m b\u1ea3o suy hao ch\u00e8n th\u1ea5p 0,2 dB. B\u1ea1n c\u00f3 suy hao ph\u1ea3n h\u1ed3i l\u1edbn h\u01a1n 50 dB.<\/p>\n<p>\u0110\u1ea7u n\u1ed1i ho\u1ea1t \u0111\u1ed9ng t\u1eeb -40\u00b0C \u0111\u1ebfn 75\u00b0C. N\u00f3 s\u1eed d\u1ee5ng v\u1eadt li\u1ec7u g\u1ed1m zirconia. V\u1ecf c\u1ee7a n\u00f3 nh\u1ecf g\u1ecdn \u1edf k\u00edch th\u01b0\u1edbc 9 mm x 56,6 mm. K\u00edch th\u01b0\u1edbc kh\u1edfi \u0111\u1ed9ng l\u00e0 3,0 mm. B\u1ea1n s\u1ebd \u0111\u00e1nh gi\u00e1 cao \u0111\u1ed9 b\u1ec1n c\u1ee7a n\u00f3, \u0111\u01b0\u1ee3c \u0111\u00e1nh gi\u00e1 \u1edf m\u1ee9c 500 chu k\u1ef3. N\u00f3 c\u00f3 h\u1ec7 th\u1ed1ng ch\u1ed1t an to\u00e0n v\u00e0 \u0111\u1ea3m b\u1ea3o k\u1ebft n\u1ed1i an to\u00e0n.<\/p>\n<p>Mong \u0111\u1ee3i s\u1ef1 c\u0103n ch\u1ec9nh s\u1ee3i ch\u00ednh x\u00e1c 125 \u00b5m. V\u1ecf ngo\u00e0i l\u00e0 nh\u1ef1a PBT. S\u1ea3n ph\u1ea9m n\u1eb7ng 5 gram. N\u00f3 ho\u1ea1t \u0111\u1ed9ng v\u1edbi \u0111\u01b0\u1eddng k\u00ednh c\u00e1p l\u00e0 3,0 mm, 2,0 mm v\u00e0 0,9 mm. \u0110\u00e2y l\u00e0 li\u00ean k\u1ebft ho\u00e0n h\u1ea3o cho m\u1ea1ng quang c\u1ee7a b\u1ea1n.<\/p>","protected":false},"excerpt":{"rendered":"<p>You need dependable connections. This SC connector offers just that. It uses a 2.5 mm ferrule. The design features a push-pull mechanism for simple use. It is perfect for single-mode fiber. This connector ensures low 0.2 dB insertion loss. You get return loss greater than 50 dB. The connector operates from -40\u00b0C to 75\u00b0C. It [&hellip;]<\/p>","protected":false},"featured_media":1622,"comment_status":"open","ping_status":"closed","template":"","meta":{"_seopress_robots_primary_cat":"none","_seopress_titles_title":"China Fiber Optic SC Connector Manufacturer - CommMesh","_seopress_titles_desc":"","_seopress_robots_index":""},"product_brand":[],"product_cat":[28],"product_tag":[],"class_list":{"0":"post-1601","1":"product","2":"type-product","3":"status-publish","4":"has-post-thumbnail","6":"product_cat-optical-fiber-connector","8":"first","9":"instock","10":"shipping-taxable","11":"product-type-simple"},"_links":{"self":[{"href":"https:\/\/commmesh.com\/vi\/wp-json\/wp\/v2\/product\/1601","targetHints":{"allow":["GET"]}}],"collection":[{"href":"https:\/\/commmesh.com\/vi\/wp-json\/wp\/v2\/product"}],"about":[{"href":"https:\/\/commmesh.com\/vi\/wp-json\/wp\/v2\/types\/product"}],"replies":[{"embeddable":true,"href":"https:\/\/commmesh.com\/vi\/wp-json\/wp\/v2\/comments?post=1601"}],"wp:featuredmedia":[{"embeddable":true,"href":"https:\/\/commmesh.com\/vi\/wp-json\/wp\/v2\/media\/1622"}],"wp:attachment":[{"href":"https:\/\/commmesh.com\/vi\/wp-json\/wp\/v2\/media?parent=1601"}],"wp:term":[{"taxonomy":"product_brand","embeddable":true,"href":"https:\/\/commmesh.com\/vi\/wp-json\/wp\/v2\/product_brand?post=1601"},{"taxonomy":"product_cat","embeddable":true,"href":"https:\/\/commmesh.com\/vi\/wp-json\/wp\/v2\/product_cat?post=1601"},{"taxonomy":"product_tag","embeddable":true,"href":"https:\/\/commmesh.com\/vi\/wp-json\/wp\/v2\/product_tag?post=1601"}],"curies":[{"name":"wp","href":"https:\/\/api.w.org\/{rel}","templated":true}]}}