{"id":1602,"date":"2024-12-27T08:01:59","date_gmt":"2024-12-27T08:01:59","guid":{"rendered":"https:\/\/commmesh.com\/?post_type=product&#038;p=1602"},"modified":"2025-03-05T09:39:51","modified_gmt":"2025-03-05T09:39:51","slug":"st-connector","status":"publish","type":"product","link":"https:\/\/commmesh.com\/vi\/product\/st-connector\/","title":{"rendered":"Trung Qu\u1ed1c Gi\u00e1 R\u1ebb S\u1ee3i Quang ST Connector B\u00e1n Bu\u00f4n"},"content":{"rendered":"<p>B\u1ea1n c\u1ea7n m\u1ed9t k\u1ebft n\u1ed1i s\u1ee3i quang \u0111\u00e1ng tin c\u1eady. \u0110\u1ea7u n\u1ed1i ST cung c\u1ea5p c\u00e1c li\u00ean k\u1ebft an to\u00e0n. N\u00f3 s\u1eed d\u1ee5ng \u0111\u01b0\u1eddng k\u00ednh l\u1edbp ph\u1ee7 125\u00b5m. Quan s\u00e1t ph\u1ea7n t\u1eed zirconia OD 2,5 mm c\u1ee7a n\u00f3. N\u00f3 c\u00f3 thi\u1ebft k\u1ebf \u0111\u1ec7m ch\u1eb7t 0,9\u00b5m.<\/p>\n<p>C\u00e1c t\u00ednh n\u0103ng c\u1ee7a n\u00f3 bao g\u1ed3m c\u00e1c b\u1ed9 ph\u1eadn th\u00e2n b\u1eb1ng niken. L\u01b0u \u00fd ren 8-32 UNEF. S\u1ea3n ph\u1ea9m \u0111\u1ea3m b\u1ea3o suy hao ch\u00e8n 0,2dB. Xem th\u00e0nh ph\u1ea7n 500 Chu k\u1ef3 giao ph\u1ed1i. N\u00f3 ho\u1ea1t \u0111\u1ed9ng trong m\u00f4i tr\u01b0\u1eddng t\u1eeb -40\u00b0C \u0111\u1ebfn 85\u00b0C.<\/p>\n<p>B\u1ea1n c\u00f3 l\u00f5i 9\/125. H\u00e3y xem k\u00edch th\u01b0\u1edbc kh\u1ea9u \u0111\u1ed9 \u00d80,25mm. N\u00f3 c\u00f3 \u0111\u1ed9 b\u1ec1n k\u00e9o 15 N. Quan s\u00e1t thi\u1ebft l\u1eadp c\u1ea5u h\u00ecnh \u0111\u01a1n gi\u1ea3n c\u1ee7a n\u00f3. L\u01b0u \u00fd ph\u1ea1m vi t\u1eeb 1310nm \u0111\u1ebfn 1550nm.<\/p>\n<p>B\u1ea1n c\u00f3 th\u1ec3 s\u1eed d\u1ee5ng c\u01a1 ch\u1ebf l\u00f2 xo. V\u1ecf m\u00e1y c\u00f3 k\u00edch th\u01b0\u1edbc 2,6 mm. L\u01b0u \u00fd chi\u1ec1u d\u00e0i ph\u1ea7n t\u1eed b\u00ean ngo\u00e0i l\u00e0 46,5 mm. \u0110i\u1ec1u n\u00e0y cho th\u1ea5y gi\u00e1 \u0111\u1ee1 kh\u00f3a xo\u1eafn.<\/p>","protected":false},"excerpt":{"rendered":"<p>You need a reliable fiber connection. The ST connector provides secure links. It uses a 125\u00b5m cladding diameter. Observe its 2.5 mm O.D. zirconia element. This has a 0.9\u00b5m tight buffer design. Its features contain nickel body parts. Note the 8-32 UNEF thread. The product ensures 0.2dB insertion loss. See the 500 Mating Cycles component. [&hellip;]<\/p>","protected":false},"featured_media":1620,"comment_status":"open","ping_status":"closed","template":"","meta":{"_seopress_robots_primary_cat":"none","_seopress_titles_title":"China Cheap Fiber Optic ST Connector Wholesale - CommMesh","_seopress_titles_desc":"","_seopress_robots_index":""},"product_brand":[],"product_cat":[28],"product_tag":[],"class_list":{"0":"post-1602","1":"product","2":"type-product","3":"status-publish","4":"has-post-thumbnail","6":"product_cat-optical-fiber-connector","8":"first","9":"instock","10":"shipping-taxable","11":"product-type-simple"},"_links":{"self":[{"href":"https:\/\/commmesh.com\/vi\/wp-json\/wp\/v2\/product\/1602","targetHints":{"allow":["GET"]}}],"collection":[{"href":"https:\/\/commmesh.com\/vi\/wp-json\/wp\/v2\/product"}],"about":[{"href":"https:\/\/commmesh.com\/vi\/wp-json\/wp\/v2\/types\/product"}],"replies":[{"embeddable":true,"href":"https:\/\/commmesh.com\/vi\/wp-json\/wp\/v2\/comments?post=1602"}],"wp:featuredmedia":[{"embeddable":true,"href":"https:\/\/commmesh.com\/vi\/wp-json\/wp\/v2\/media\/1620"}],"wp:attachment":[{"href":"https:\/\/commmesh.com\/vi\/wp-json\/wp\/v2\/media?parent=1602"}],"wp:term":[{"taxonomy":"product_brand","embeddable":true,"href":"https:\/\/commmesh.com\/vi\/wp-json\/wp\/v2\/product_brand?post=1602"},{"taxonomy":"product_cat","embeddable":true,"href":"https:\/\/commmesh.com\/vi\/wp-json\/wp\/v2\/product_cat?post=1602"},{"taxonomy":"product_tag","embeddable":true,"href":"https:\/\/commmesh.com\/vi\/wp-json\/wp\/v2\/product_tag?post=1602"}],"curies":[{"name":"wp","href":"https:\/\/api.w.org\/{rel}","templated":true}]}}