{"id":1731,"date":"2025-01-07T07:30:35","date_gmt":"2025-01-07T07:30:35","guid":{"rendered":"https:\/\/commmesh.com\/?post_type=product&#038;p=1731"},"modified":"2025-03-05T08:24:42","modified_gmt":"2025-03-05T08:24:42","slug":"invisible-transparent-fiber-optic-cable","status":"publish","type":"product","link":"https:\/\/commmesh.com\/vi\/product\/invisible-transparent-fiber-optic-cable\/","title":{"rendered":"Nh\u00e0 s\u1ea3n xu\u1ea5t c\u00e1p quang trong su\u1ed1t v\u00f4 h\u00ecnh t\u00f9y ch\u1ec9nh"},"content":{"rendered":"<p>B\u1ea1n c\u1ea7n t\u1ed1c \u0111\u1ed9 internet h\u00e0ng \u0111\u1ea7u m\u00e0 kh\u00f4ng c\u1ea7n nh\u1eefng s\u1ee3i c\u00e1p x\u1ea5u x\u00ed \u0111\u00f3, \u0111\u00fang kh\u00f4ng? C\u00e1p quang v\u00f4 h\u00ecnh c\u1ee7a ch\u00fang t\u00f4i cung c\u1ea5p m\u1ed9t gi\u1ea3i ph\u00e1p. C\u00e1p n\u00e0y s\u1eed d\u1ee5ng b\u1ed9 \u0111\u1ec7m ch\u1eb7t 0,9 mm. Mong \u0111\u1ee3i t\u1ed1c \u0111\u1ed9 truy\u1ec1n d\u1eef li\u1ec7u \u0111\u1ea1t t\u1edbi 40 Gbps. Ch\u00fang t\u00f4i s\u1eed d\u1ee5ng l\u00f5i s\u1ee3i quang G.657.B3 ch\u1ebf \u0111\u1ed9 \u0111\u01a1n, \u0111\u1ea3m b\u1ea3o m\u1ea5t m\u00e1t t\u1ed1i thi\u1ec3u.<\/p>\n<p>N\u00f3 ho\u1ea1t \u0111\u1ed9ng \u1edf b\u01b0\u1edbc s\u00f3ng 1625 nm. M\u1ed9t l\u1edbp v\u1ecf b\u1ecdc Fluorinated Ethylene Propylene trong su\u1ed1t \u0111\u1eb7c bi\u1ec7t bao b\u1ecdc n\u00f3. \u0110\u01b0\u1eddng k\u00ednh l\u00f5i l\u00e0 9 \u00b5m, v\u1edbi \u0111\u01b0\u1eddng k\u00ednh ngo\u00e0i l\u00e0 2,0 mm. L\u1edbp v\u1ecf b\u1ecdc c\u1ee7a n\u00f3 c\u00f3 k\u00edch th\u01b0\u1edbc 125 \u00b5m.<\/p>\n<p>S\u1ea3n ph\u1ea9m n\u00e0y c\u00f3 \u0111\u1ed9 b\u1ec1n k\u00e9o l\u00e0 60 Newton. B\u1ea1n s\u1ebd th\u1ea5y c\u00e1c \u0111\u1ea7u n\u1ed1i l\u00e0 lo\u1ea1i LC\/APC. N\u00f3 th\u1ec3 hi\u1ec7n \u0111\u1ed9 suy gi\u1ea3m l\u00e0 0,21 dB\/km. B\u00e1n k\u00ednh u\u1ed1n cong t\u1ed1i thi\u1ec3u l\u00e0 7,5 mm.<\/p>\n<p>Ngo\u00e0i ra, n\u00f3 ho\u1ea1t \u0111\u1ed9ng t\u1ed1i \u01b0u trong kho\u1ea3ng t\u1eeb -40\u00b0C \u0111\u1ebfn +85\u00b0C. Kh\u1ea9u \u0111\u1ed9 s\u1ed1 l\u00e0 0,14. V\u1ecf c\u1ee7a n\u00f3 tu\u00e2n th\u1ee7 LSZH. Cu\u1ed1i c\u00f9ng nh\u01b0ng kh\u00f4ng k\u00e9m ph\u1ea7n quan tr\u1ecdng, n\u00f3 c\u00f3 th\u1ec3 h\u1ed7 tr\u1ee3 b\u0103ng th\u00f4ng 100 GHz.<\/p>","protected":false},"excerpt":{"rendered":"<p>You need top-tier internet speed without those ugly cables, right? Our Invisible Fiber Optic Cable provides a solution. This cable utilizes a 0.9 mm tight buffer. Expect data transfer rates reaching 40 Gbps. We employ a single-mode G.657.B3 fiber core, ensuring minimal loss. It operates at a wavelength of 1625 nm. A special transparent Fluorinated [&hellip;]<\/p>","protected":false},"featured_media":1732,"comment_status":"open","ping_status":"closed","template":"","meta":{"_seopress_robots_primary_cat":"none","_seopress_titles_title":"Custom Invisible Transparent Fiber Optic Cable Manufacturer","_seopress_titles_desc":"","_seopress_robots_index":""},"product_brand":[],"product_cat":[31],"product_tag":[],"class_list":{"0":"post-1731","1":"product","2":"type-product","3":"status-publish","4":"has-post-thumbnail","6":"product_cat-fiber-optic-cable","8":"first","9":"instock","10":"shipping-taxable","11":"product-type-simple"},"_links":{"self":[{"href":"https:\/\/commmesh.com\/vi\/wp-json\/wp\/v2\/product\/1731","targetHints":{"allow":["GET"]}}],"collection":[{"href":"https:\/\/commmesh.com\/vi\/wp-json\/wp\/v2\/product"}],"about":[{"href":"https:\/\/commmesh.com\/vi\/wp-json\/wp\/v2\/types\/product"}],"replies":[{"embeddable":true,"href":"https:\/\/commmesh.com\/vi\/wp-json\/wp\/v2\/comments?post=1731"}],"wp:featuredmedia":[{"embeddable":true,"href":"https:\/\/commmesh.com\/vi\/wp-json\/wp\/v2\/media\/1732"}],"wp:attachment":[{"href":"https:\/\/commmesh.com\/vi\/wp-json\/wp\/v2\/media?parent=1731"}],"wp:term":[{"taxonomy":"product_brand","embeddable":true,"href":"https:\/\/commmesh.com\/vi\/wp-json\/wp\/v2\/product_brand?post=1731"},{"taxonomy":"product_cat","embeddable":true,"href":"https:\/\/commmesh.com\/vi\/wp-json\/wp\/v2\/product_cat?post=1731"},{"taxonomy":"product_tag","embeddable":true,"href":"https:\/\/commmesh.com\/vi\/wp-json\/wp\/v2\/product_tag?post=1731"}],"curies":[{"name":"wp","href":"https:\/\/api.w.org\/{rel}","templated":true}]}}