{"id":1733,"date":"2025-01-08T02:41:15","date_gmt":"2025-01-08T02:41:15","guid":{"rendered":"https:\/\/commmesh.com\/?post_type=product&#038;p=1733"},"modified":"2025-03-05T08:18:35","modified_gmt":"2025-03-05T08:18:35","slug":"ftth-drop-cable","status":"publish","type":"product","link":"https:\/\/commmesh.com\/vi\/product\/ftth-drop-cable\/","title":{"rendered":"Nh\u00e0 s\u1ea3n xu\u1ea5t c\u00e1p th\u1ea3 FTTH ph\u1eb3ng ngo\u00e0i tr\u1eddi 2 l\u00f5i"},"content":{"rendered":"<p>C\u00e1p th\u1ea3 FTTH c\u1ee7a ch\u00fang t\u00f4i mang l\u1ea1i nh\u1eefng l\u1ee3i th\u1ebf \u0111\u00e1ng k\u1ec3. B\u1ea1n c\u00f3 th\u1ec3 mong \u0111\u1ee3i m\u1ed9t s\u1ea3n ph\u1ea9m c\u00f3 b\u1ed9 \u0111\u1ec7m ch\u1eb7t ch\u1ebd 250 \u00b5m. Nh\u1eefng s\u1ea3n ph\u1ea9m n\u00e0y cung c\u1ea5p t\u1ed1c \u0111\u1ed9 truy\u1ec1n d\u1eef li\u1ec7u l\u00ean \u0111\u1ebfn 10 Gbps. Thi\u1ebft k\u1ebf c\u1ee7a ch\u00fang t\u00f4i s\u1eed d\u1ee5ng s\u1ee3i quang G.657A. Do \u0111\u00f3, \u0111i\u1ec1u n\u00e0y \u0111\u1ea3m b\u1ea3o m\u1ea5t t\u00edn hi\u1ec7u \u00edt nh\u1ea5t c\u00f3 th\u1ec3.<\/p>\n<p>D\u1ef1 ki\u1ebfn h\u1ec7 s\u1ed1 suy gi\u1ea3m t\u1ed1i \u0111a l\u00e0 0,19 dB\/km \u1edf 1625 nm. Ngo\u00e0i ra, l\u1edbp v\u1ecf ngo\u00e0i bao g\u1ed3m PVC ch\u1ed1ng ch\u00e1y c\u00f3 kh\u1ea3 n\u0103ng ch\u1ed1ng ch\u1ecbu v\u1edbi \u0111i\u1ec1u ki\u1ec7n th\u1eddi ti\u1ebft kh\u1eafc nghi\u1ec7t. M\u1ed7i c\u00e1p tr\u1ea3i qua th\u1eed nghi\u1ec7m t\u1ea3i k\u00e9o l\u00e0 800 N. Kh\u1ea3 n\u0103ng ch\u1ed1ng nghi\u1ec1n \u0111\u01b0\u1ee3c \u0111o \u1edf m\u1ee9c 2200 N\/100 mm.<\/p>\n<p>Ch\u00fang t\u00f4i s\u1eed d\u1ee5ng h\u1ec7 th\u1ed1ng m\u00e3 m\u00e0u \u0111\u1ec3 nh\u1eadn d\u1ea1ng s\u1ee3i. B\u1ea1n s\u1ebd th\u1ea5y c\u00e1p c\u1ee7a ch\u00fang t\u00f4i ph\u00f9 h\u1ee3p v\u1edbi nhi\u1ec7t \u0111\u1ed9 t\u1eeb -40\u00b0C \u0111\u1ebfn +85\u00b0C. H\u01a1n n\u1eefa, b\u00e1n k\u00ednh u\u1ed1n t\u1ed1i thi\u1ec3u l\u00e0 15 mm khi s\u1eed d\u1ee5ng.<br \/>\nC\u00e1p c\u00f3 \u0111\u01b0\u1eddng k\u00ednh danh ngh\u0129a l\u00e0 5,2 mm. M\u1ed7i cu\u1ed9n c\u00e1p ch\u1ee9a 2 km c\u00e1p n\u00e0y. C\u00e1p \u0111\u00e3 \u0111\u01b0\u1ee3c ki\u1ec3m tra c\u1ea9n th\u1eadn \u0111\u1ec3 tu\u00e2n th\u1ee7 ITU-T G.652 li\u00ean quan \u0111\u1ebfn hi\u1ec7u su\u1ea5t m\u1ea1ng h\u00e0ng \u0111\u1ea7u.<\/p>","protected":false},"excerpt":{"rendered":"<p>Our FTTH drop cables bring significant advantages. You can expect a product featuring a 250 \u00b5m tight buffer. These products provide data transfer rates up to 10 Gbps. Our design uses G.657A optical fibers. This, therefore, guarantees the least possible signal loss. Expect a maximum attenuation factor of 0.19 dB\/km at 1625 nm. Also, the [&hellip;]<\/p>","protected":false},"featured_media":1734,"comment_status":"open","ping_status":"closed","template":"","meta":{"_seopress_robots_primary_cat":"none","_seopress_titles_title":"2 Core Outdoor Flat FTTH Drop Cable Manufacturer","_seopress_titles_desc":"","_seopress_robots_index":""},"product_brand":[],"product_cat":[31],"product_tag":[],"class_list":{"0":"post-1733","1":"product","2":"type-product","3":"status-publish","4":"has-post-thumbnail","6":"product_cat-fiber-optic-cable","8":"first","9":"instock","10":"shipping-taxable","11":"product-type-simple"},"_links":{"self":[{"href":"https:\/\/commmesh.com\/vi\/wp-json\/wp\/v2\/product\/1733","targetHints":{"allow":["GET"]}}],"collection":[{"href":"https:\/\/commmesh.com\/vi\/wp-json\/wp\/v2\/product"}],"about":[{"href":"https:\/\/commmesh.com\/vi\/wp-json\/wp\/v2\/types\/product"}],"replies":[{"embeddable":true,"href":"https:\/\/commmesh.com\/vi\/wp-json\/wp\/v2\/comments?post=1733"}],"wp:featuredmedia":[{"embeddable":true,"href":"https:\/\/commmesh.com\/vi\/wp-json\/wp\/v2\/media\/1734"}],"wp:attachment":[{"href":"https:\/\/commmesh.com\/vi\/wp-json\/wp\/v2\/media?parent=1733"}],"wp:term":[{"taxonomy":"product_brand","embeddable":true,"href":"https:\/\/commmesh.com\/vi\/wp-json\/wp\/v2\/product_brand?post=1733"},{"taxonomy":"product_cat","embeddable":true,"href":"https:\/\/commmesh.com\/vi\/wp-json\/wp\/v2\/product_cat?post=1733"},{"taxonomy":"product_tag","embeddable":true,"href":"https:\/\/commmesh.com\/vi\/wp-json\/wp\/v2\/product_tag?post=1733"}],"curies":[{"name":"wp","href":"https:\/\/api.w.org\/{rel}","templated":true}]}}