{"id":1735,"date":"2025-01-08T02:57:04","date_gmt":"2025-01-08T02:57:04","guid":{"rendered":"https:\/\/commmesh.com\/?post_type=product&#038;p=1735"},"modified":"2025-03-05T08:15:24","modified_gmt":"2025-03-05T08:15:24","slug":"breakout-cable","status":"publish","type":"product","link":"https:\/\/commmesh.com\/vi\/product\/breakout-cable\/","title":{"rendered":"C\u00e1p ph\u00e2n t\u00e1ch s\u1ee3i quang MTP MPO t\u1edbi 4xLC"},"content":{"rendered":"<p>B\u1ea1n c\u1ea7n m\u1ed9t c\u00e1p breakout \u0111\u1ec3 chia t\u00edn hi\u1ec7u. C\u00e1p n\u00e0y c\u00f3 l\u1edbp v\u1ecf PVC 2,0 mm. N\u00f3 c\u00f3 c\u00e1c s\u1ee3i \u0111\u1ec7m ch\u1eb7t 900\u00b5m. B\u00ean trong, l\u00f5i s\u1ee3i tr\u1ea7n 250\u00b5m truy\u1ec1n d\u1eef li\u1ec7u. M\u1ed7i s\u1ee3i c\u00f3 \u0111\u01b0\u1eddng k\u00ednh l\u1edbp b\u1ecdc 125\u00b5m. B\u1ea1n c\u00f3 \u0111\u01b0\u1ee3c \u0111\u1ed9 r\u00f5 t\u00edn hi\u1ec7u v\u01b0\u1ee3t tr\u1ed9i v\u1edbi l\u00f5i 9\u00b5m trong c\u00e1c t\u00f9y ch\u1ecdn ch\u1ebf \u0111\u1ed9 \u0111\u01a1n.<\/p>\n<p>\u0110\u00e2y l\u00e0 d\u00e0nh cho \u0111\u1ecbnh tuy\u1ebfn n\u1ed9i b\u1ed9. S\u1ea3n ph\u1ea9m h\u1ed7 tr\u1ee3 10 Gigabit Ethernet. M\u1ed7i s\u1ee3i ho\u1ea1t \u0111\u1ed9ng \u1edf b\u01b0\u1edbc s\u00f3ng 850nm. H\u01a1n n\u1eefa, n\u00f3 c\u00f3 th\u1ec3 c\u00f3 12 \u0111\u1ea7u n\u1ed1i ri\u00eang l\u1ebb. S\u1ea3n ph\u1ea9m \u0111i k\u00e8m v\u1edbi x\u1ebfp h\u1ea1ng riser OFNR. Ngo\u00e0i ra, n\u00f3 duy tr\u00ec t\u00ednh to\u00e0n v\u1eb9n l\u00ean \u0111\u1ebfn 70\u00b0C. \u0110\u1ed9 b\u1ec1n k\u00e9o \u0111\u1ea1t 100 Newton.<\/p>\n<p>C\u00e1p n\u00e0y bao g\u1ed3m c\u00e1c \u0111\u01a1n v\u1ecb con 4,8mm, c\u00f2n \u0111\u01b0\u1ee3c g\u1ecdi l\u00e0 ch\u00e2n. H\u01a1n n\u1eefa, suy hao ch\u00e8n d\u01b0\u1edbi 0,35dB. Suy hao ph\u1ea3n h\u1ed3i v\u01b0\u1ee3t qu\u00e1 50dB. Ch\u01b0a k\u1ec3, b\u00e1n k\u00ednh u\u1ed1n cong c\u1ee7a n\u00f3 l\u00e0 30mm. C\u00e1p \u0111\u1ed9t ph\u00e1 l\u00e0 gi\u1ea3i ph\u00e1p c\u1ee7a b\u1ea1n \u0111\u1ec3 t\u1ed5 ch\u1ee9c g\u1ecdn g\u00e0ng.<\/p>","protected":false},"excerpt":{"rendered":"<p>You need a breakout cable to split signals. This cable has a 2.0 mm PVC jacket. It features 900\u00b5m tight-buffered fibers. Inside, a 250\u00b5m bare fiber core transmits data. Each fiber has a 125\u00b5m cladding diameter. You get superior signal clarity with a 9\u00b5m core in single-mode options. This is for internal routing. The product [&hellip;]<\/p>","protected":false},"featured_media":1736,"comment_status":"open","ping_status":"closed","template":"","meta":{"_seopress_robots_primary_cat":"none","_seopress_titles_title":"Custom MTP MPO To 4xLC Fiber Breakout Cable - CommMesh","_seopress_titles_desc":"","_seopress_robots_index":""},"product_brand":[],"product_cat":[23],"product_tag":[],"class_list":{"0":"post-1735","1":"product","2":"type-product","3":"status-publish","4":"has-post-thumbnail","6":"product_cat-fiber-patch-cord","8":"first","9":"instock","10":"shipping-taxable","11":"product-type-simple"},"_links":{"self":[{"href":"https:\/\/commmesh.com\/vi\/wp-json\/wp\/v2\/product\/1735","targetHints":{"allow":["GET"]}}],"collection":[{"href":"https:\/\/commmesh.com\/vi\/wp-json\/wp\/v2\/product"}],"about":[{"href":"https:\/\/commmesh.com\/vi\/wp-json\/wp\/v2\/types\/product"}],"replies":[{"embeddable":true,"href":"https:\/\/commmesh.com\/vi\/wp-json\/wp\/v2\/comments?post=1735"}],"wp:featuredmedia":[{"embeddable":true,"href":"https:\/\/commmesh.com\/vi\/wp-json\/wp\/v2\/media\/1736"}],"wp:attachment":[{"href":"https:\/\/commmesh.com\/vi\/wp-json\/wp\/v2\/media?parent=1735"}],"wp:term":[{"taxonomy":"product_brand","embeddable":true,"href":"https:\/\/commmesh.com\/vi\/wp-json\/wp\/v2\/product_brand?post=1735"},{"taxonomy":"product_cat","embeddable":true,"href":"https:\/\/commmesh.com\/vi\/wp-json\/wp\/v2\/product_cat?post=1735"},{"taxonomy":"product_tag","embeddable":true,"href":"https:\/\/commmesh.com\/vi\/wp-json\/wp\/v2\/product_tag?post=1735"}],"curies":[{"name":"wp","href":"https:\/\/api.w.org\/{rel}","templated":true}]}}