{"id":1737,"date":"2025-01-08T03:22:27","date_gmt":"2025-01-08T03:22:27","guid":{"rendered":"https:\/\/commmesh.com\/?post_type=product&#038;p=1737"},"modified":"2025-03-05T08:05:43","modified_gmt":"2025-03-05T08:05:43","slug":"fiber-optic-adapter","status":"publish","type":"product","link":"https:\/\/commmesh.com\/vi\/product\/fiber-optic-adapter\/","title":{"rendered":"B\u1ed9 chuy\u1ec3n \u0111\u1ed5i s\u1ee3i quang SC LC t\u00f9y ch\u1ec9nh c\u1ee7a Trung Qu\u1ed1c"},"content":{"rendered":"<p>B\u1ed9 chuy\u1ec3n \u0111\u1ed5i s\u1ee3i quang cung c\u1ea5p s\u1ef1 k\u1ebft h\u1ee3p gi\u1eefa hai s\u1ee3i c\u00e1p quang \u0111\u00e3 k\u1ebft th\u00fac. N\u00f3 ho\u1ea1t \u0111\u1ed9ng \u1edf g\u00f3c 90 \u0111\u1ed9. B\u1ea1n c\u00f3 th\u1ec3 s\u1eed d\u1ee5ng ch\u1ebf \u0111\u1ed9 \u0111\u01a1n \u0111\u1ec3 c\u00f3 ch\u1ee9c n\u0103ng t\u1ed1i \u01b0u. D\u1ef1 ki\u1ebfn m\u1ea5t m\u00e1t ch\u00e8n 0,2 dB.<\/p>\n<p>B\u1ed9 chuy\u1ec3n \u0111\u1ed5i s\u1eed d\u1ee5ng \u1ed1ng b\u1ecdc g\u1ed1m b\u00ean trong. \u1ed0ng b\u1ecdc \u0111\u1ea3m b\u1ea3o c\u0103n ch\u1ec9nh ch\u00ednh x\u00e1c. C\u00e1c b\u1ed9 ph\u1eadn n\u00e0y cung c\u1ea5p 1000 chu k\u1ef3 gh\u00e9p n\u1ed1i. Thi\u1ebft b\u1ecb n\u00e0y ho\u1ea1t \u0111\u1ed9ng t\u1ed1t \u1edf nhi\u1ec7t \u0111\u1ed9 t\u1eeb 25 \u0111\u1ebfn 70 \u0111\u1ed9 C.<\/p>\n<p>N\u00f3 ch\u1ee9a c\u00e1c k\u1ebft n\u1ed1i c\u00e1i-c\u00e1i. M\u1ed7i b\u1ed9 chuy\u1ec3n \u0111\u1ed5i c\u00f3 \u0111\u00e1nh b\u00f3ng APC. N\u00f3 c\u00f3 2 \u0111i\u1ec3m k\u1ebft n\u1ed1i. Th\u00e0nh ph\u1ea7n n\u00e0y c\u0169ng c\u00f3 \u0111\u00e1nh b\u00f3ng UPC. B\u1ed9 chuy\u1ec3n \u0111\u1ed5i l\u00e0 m\u1ed9t ph\u1ea7n c\u1ee7a h\u1ec7 th\u1ed1ng FTTH.<\/p>\n<p>M\u1ed9t c\u01a1 ch\u1ebf t\u1ef7 l\u1ec7 chia \u0111\u01b0\u1ee3c s\u1eed d\u1ee5ng. Ngo\u00e0i ra, l\u00f5i c\u00f3 k\u00edch th\u01b0\u1edbc 9\/125 \u00b5m. Hi\u1ec7u su\u1ea5t c\u1ee7a n\u00f3 \u0111\u01b0\u1ee3c duy tr\u00ec qua c\u00e1c b\u01b0\u1edbc s\u00f3ng 1310 nm, 1550 nm v\u00e0 1625 nm, th\u1ec3 hi\u1ec7n t\u00ednh linh ho\u1ea1t \u0111\u00e1ng k\u1ec3. M\u1ed9t th\u00e0nh ph\u1ea7n c\u0103n ch\u1ec9nh c\u00e1c \u0111\u1ea7u n\u1ed1i.<\/p>","protected":false},"excerpt":{"rendered":"<p>A fiber optic adapter provides a union between two terminated fiber cables. It operates at a 90-degree angle. You can use single-mode for optimal function. Expect a 0.2 dB insertion loss. The adapter uses a ceramic sleeve inside. The sleeve ensures correct alignment. These parts provide 1000 mating cycles. This device works well between 25 [&hellip;]<\/p>","protected":false},"featured_media":1738,"comment_status":"open","ping_status":"closed","template":"","meta":{"_seopress_robots_primary_cat":"none","_seopress_titles_title":"China Customizable SC LC Fiber Optic Adapter Fiber Couplers","_seopress_titles_desc":"","_seopress_robots_index":""},"product_brand":[],"product_cat":[28],"product_tag":[],"class_list":{"0":"post-1737","1":"product","2":"type-product","3":"status-publish","4":"has-post-thumbnail","6":"product_cat-optical-fiber-connector","8":"first","9":"instock","10":"shipping-taxable","11":"product-type-simple"},"_links":{"self":[{"href":"https:\/\/commmesh.com\/vi\/wp-json\/wp\/v2\/product\/1737","targetHints":{"allow":["GET"]}}],"collection":[{"href":"https:\/\/commmesh.com\/vi\/wp-json\/wp\/v2\/product"}],"about":[{"href":"https:\/\/commmesh.com\/vi\/wp-json\/wp\/v2\/types\/product"}],"replies":[{"embeddable":true,"href":"https:\/\/commmesh.com\/vi\/wp-json\/wp\/v2\/comments?post=1737"}],"wp:featuredmedia":[{"embeddable":true,"href":"https:\/\/commmesh.com\/vi\/wp-json\/wp\/v2\/media\/1738"}],"wp:attachment":[{"href":"https:\/\/commmesh.com\/vi\/wp-json\/wp\/v2\/media?parent=1737"}],"wp:term":[{"taxonomy":"product_brand","embeddable":true,"href":"https:\/\/commmesh.com\/vi\/wp-json\/wp\/v2\/product_brand?post=1737"},{"taxonomy":"product_cat","embeddable":true,"href":"https:\/\/commmesh.com\/vi\/wp-json\/wp\/v2\/product_cat?post=1737"},{"taxonomy":"product_tag","embeddable":true,"href":"https:\/\/commmesh.com\/vi\/wp-json\/wp\/v2\/product_tag?post=1737"}],"curies":[{"name":"wp","href":"https:\/\/api.w.org\/{rel}","templated":true}]}}