{"id":1739,"date":"2025-01-08T03:47:33","date_gmt":"2025-01-08T03:47:33","guid":{"rendered":"https:\/\/commmesh.com\/?post_type=product&#038;p=1739"},"modified":"2025-03-05T07:55:50","modified_gmt":"2025-03-05T07:55:50","slug":"fast-connector","status":"publish","type":"product","link":"https:\/\/commmesh.com\/vi\/product\/fast-connector\/","title":{"rendered":"\u0110\u1ea7u n\u1ed1i nhanh s\u1ee3i quang SC UPC SC APC"},"content":{"rendered":"<p>\u0110\u1ea7u n\u1ed1i nhanh n\u00e0y \u0111\u01a1n gi\u1ea3n h\u00f3a k\u1ebft n\u1ed1i c\u00e1p quang. N\u00f3 c\u00f3 \u0111\u1ed9 suy hao ch\u00e8n \u0111i\u1ec3n h\u00ecnh l\u00e0 0,25 dB. B\u1ea1n c\u00f3 th\u1ec3 l\u1eafp \u0111\u1eb7t trong v\u00f2ng ch\u01b0a \u0111\u1ea7y 30 gi\u00e2y. N\u00f3 c\u00f3 \u0111\u01b0\u1eddng k\u00ednh l\u1edbp ph\u1ee7 125 \u00b5m. S\u1ea3n ph\u1ea9m s\u1eed d\u1ee5ng giao di\u1ec7n SC\/APC. N\u00f3 ho\u1ea1t \u0111\u1ed9ng v\u1edbi s\u1ee3i quang \u0111\u1ec7m ch\u1eb7t 250 \u00b5m.<\/p>\n<p>C\u01a1 ch\u1ebf c\u0103n ch\u1ec9nh s\u1ee3i \u0111\u1ea3m b\u1ea3o k\u1ebft n\u1ed1i t\u1ed1t. \u0110\u1ea7u n\u1ed1i bao g\u1ed3m m\u1ed9t v\u00f2ng \u0111\u1ec7m \u0111\u01b0\u1ee3c \u0111\u00e1nh b\u00f3ng tr\u01b0\u1edbc. N\u00f3 \u0111\u01b0\u1ee3c thi\u1ebft k\u1ebf cho s\u1ee3i quang \u0111\u01a1n mode. Thi\u1ebft b\u1ecb c\u00f3 \u0111\u1ed9 suy hao ph\u1ea3n h\u1ed3i \u0111i\u1ec3n h\u00ecnh l\u00e0 65 dB. Thi\u1ebft b\u1ecb h\u1ed7 tr\u1ee3 s\u1ee3i quang \u0111\u1ec7m 900 \u00b5m. Nhi\u1ec7t \u0111\u1ed9 ho\u1ea1t \u0111\u1ed9ng c\u1ee7a n\u00f3 l\u00e0 -40\u00b0C \u0111\u1ebfn 75\u00b0C.<\/p>\n<p>C\u00f3 m\u1ed9t \u1ed1ng gi\u1ea3m l\u1ef1c c\u0103ng \u0111\u1ec3 b\u1ea3o v\u1ec7. N\u00f3 c\u00f3 m\u1ed9t \u1ed1ng n\u1ed1i 2,5 mm. V\u1eadt li\u1ec7u v\u1ecf l\u00e0 m\u1ed9t lo\u1ea1i polymer nh\u1ef1a b\u1ec1n. \u0110\u1ea7u n\u1ed1i n\u00e0y cho ph\u00e9p t\u1ed1i \u0111a 5 l\u1ea7n k\u1ebft th\u00fac l\u1ea1i. \u0110\u1ed9 b\u1ec1n k\u00e9o c\u1ee7a n\u00f3 \u0111o \u0111\u01b0\u1ee3c \u1edf m\u1ee9c 50 N. B\u1ea1n s\u1ebd t\u00ecm th\u1ea5y kh\u1ea3 n\u0103ng t\u01b0\u01a1ng th\u00edch v\u1edbi b\u1ed9 \u0111\u1ecbnh v\u1ecb l\u1ed7i tr\u1ef1c quan (VFL). N\u00f3 c\u00f3 th\u1ec3 l\u1eafp \u0111\u1eb7t t\u1ea1i hi\u1ec7n tr\u01b0\u1eddng. B\u00e1n k\u00ednh u\u1ed1n cong t\u1ed1i thi\u1ec3u c\u1ee7a \u0111\u1ea7u n\u1ed1i l\u00e0 30 mm.<\/p>","protected":false},"excerpt":{"rendered":"<p>This Fast Connector simplifies fiber optic connections. It has a 0.25 dB typical insertion loss. You can install this in under 30 seconds. It features a 125 \u00b5m cladding diameter. The product uses an SC\/APC interface. It works with 250 \u00b5m tight-buffered fiber. A fiber alignment mechanism ensures a good connection. The connector includes a [&hellip;]<\/p>","protected":false},"featured_media":1740,"comment_status":"open","ping_status":"closed","template":"","meta":{"_seopress_robots_primary_cat":"none","_seopress_titles_title":"China Fiber Optic SC UPC SC APC Fast Connector - CommMesh","_seopress_titles_desc":"","_seopress_robots_index":""},"product_brand":[],"product_cat":[28],"product_tag":[],"class_list":{"0":"post-1739","1":"product","2":"type-product","3":"status-publish","4":"has-post-thumbnail","6":"product_cat-optical-fiber-connector","8":"first","9":"instock","10":"shipping-taxable","11":"product-type-simple"},"_links":{"self":[{"href":"https:\/\/commmesh.com\/vi\/wp-json\/wp\/v2\/product\/1739","targetHints":{"allow":["GET"]}}],"collection":[{"href":"https:\/\/commmesh.com\/vi\/wp-json\/wp\/v2\/product"}],"about":[{"href":"https:\/\/commmesh.com\/vi\/wp-json\/wp\/v2\/types\/product"}],"replies":[{"embeddable":true,"href":"https:\/\/commmesh.com\/vi\/wp-json\/wp\/v2\/comments?post=1739"}],"wp:featuredmedia":[{"embeddable":true,"href":"https:\/\/commmesh.com\/vi\/wp-json\/wp\/v2\/media\/1740"}],"wp:attachment":[{"href":"https:\/\/commmesh.com\/vi\/wp-json\/wp\/v2\/media?parent=1739"}],"wp:term":[{"taxonomy":"product_brand","embeddable":true,"href":"https:\/\/commmesh.com\/vi\/wp-json\/wp\/v2\/product_brand?post=1739"},{"taxonomy":"product_cat","embeddable":true,"href":"https:\/\/commmesh.com\/vi\/wp-json\/wp\/v2\/product_cat?post=1739"},{"taxonomy":"product_tag","embeddable":true,"href":"https:\/\/commmesh.com\/vi\/wp-json\/wp\/v2\/product_tag?post=1739"}],"curies":[{"name":"wp","href":"https:\/\/api.w.org\/{rel}","templated":true}]}}