{"id":1761,"date":"2025-01-10T02:51:47","date_gmt":"2025-01-10T02:51:47","guid":{"rendered":"https:\/\/commmesh.com\/?post_type=product&#038;p=1761"},"modified":"2025-03-05T07:02:03","modified_gmt":"2025-03-05T07:02:03","slug":"sc-upc-to-sc-apc","status":"publish","type":"product","link":"https:\/\/commmesh.com\/vi\/product\/sc-upc-to-sc-apc\/","title":{"rendered":"C\u00e1p v\u00e1 SC UPC t\u1edbi SC APC FTTH \u0111\u01b0\u1ee3c \u0111\u1ea5u n\u1ed1i s\u1eb5n"},"content":{"rendered":"<p>M\u1ed9t s\u1ee3i c\u00e1p k\u1ebft n\u1ed1i c\u00e1c thi\u1ebft b\u1ecb c\u1ee7a b\u1ea1n m\u1ed9t c\u00e1ch chuy\u00ean nghi\u1ec7p. M\u1ed9t \u0111\u1ea7u s\u1eed d\u1ee5ng \u0111\u1ea7u n\u1ed1i SC\/UPC. M\u1ed9t k\u1ebft n\u1ed1i SC\/APC n\u1eb1m \u1edf \u0111\u1ea7u kia. C\u1ea5u tr\u00fac SC UPC sang SC APC cung c\u1ea5p s\u1ee3i quang 9\/125 micron. B\u01b0\u1edbc s\u00f3ng t\u1ed1i \u01b0u 1310 nm \u0111\u1ebfn 1550 nm l\u00e0 nh\u1eefng g\u00ec b\u1ea1n nh\u1eadn \u0111\u01b0\u1ee3c. M\u1ed9t \u1ed1ng n\u1ed1i 2,5 mm l\u00e0 m\u1ed9t t\u00ednh n\u0103ng c\u1ee7a th\u00e0nh ph\u1ea7n.<\/p>\n<p>Th\u00e0nh ph\u1ea7n g\u1ed1m l\u00e0 th\u1ee9 b\u1ea1n c\u00f3 th\u1ec3 mong \u0111\u1ee3i. \u0110\u1ed9 suy hao ch\u00e8n l\u00e0 0,2 dB. \u0110\u1ed9 suy hao ph\u1ea3n h\u1ed3i cho APC l\u00e0 \u226560 dB. \u0110\u1ed9 suy hao ph\u1ea3n h\u1ed3i UPC c\u1ee7a d\u00e2y v\u00e1 l\u00e0 \u226550 dB. D\u1ea3i nhi\u1ec7t \u0111\u1ed9 t\u1eeb -20\u00b0C \u0111\u1ebfn 70\u00b0C \u0111\u01b0\u1ee3c hi\u1ec3n th\u1ecb b\u1eb1ng d\u00e2y. M\u1ed9t l\u1edbp v\u1ecf 3,0 mm n\u1eb1m tr\u00ean thi\u1ebft b\u1ecb n\u00e0y. 500 chu k\u1ef3 l\u00e0 \u0111\u1ecbnh m\u1ee9c. C\u00f3 m\u1ed9t ch\u1ebf \u0111\u1ed9 duy nh\u1ea5t.<\/p>\n<p>M\u1ed9t k\u00eanh \u0111\u01a1n gi\u1ea3n n\u1eb1m b\u00ean trong s\u1ee3i. M\u1ed9t l\u1edbp v\u1ecf ngo\u00e0i m\u00e0u v\u00e0ng s\u1ebd \u0111\u01b0\u1ee3c nh\u00ecn th\u1ea5y. Tu\u00e2n th\u1ee7 c\u00e1c ti\u00eau chu\u1ea9n c\u00f4ng nghi\u1ec7p l\u00e0 b\u1ea3n d\u1ef1ng.<\/p>","protected":false},"excerpt":{"rendered":"<p>A cable expertly joins your devices. One end utilizes an SC\/UPC connector. An SC\/APC connection is on the other end. An SC UPC to SC APC build gives 9\/125-micron fiber. Optimal 1310 nm to 1550 nm wavelengths are what you receive. A 2.5 mm ferrule is a feature of the component. A ceramic composition is [&hellip;]<\/p>","protected":false},"featured_media":1762,"comment_status":"open","ping_status":"closed","template":"","meta":{"_seopress_robots_primary_cat":"none","_seopress_titles_title":"FTTH Pre Terminated SC UPC to SC APC Patch Cable","_seopress_titles_desc":"","_seopress_robots_index":""},"product_brand":[],"product_cat":[23],"product_tag":[],"class_list":{"0":"post-1761","1":"product","2":"type-product","3":"status-publish","4":"has-post-thumbnail","6":"product_cat-fiber-patch-cord","8":"first","9":"instock","10":"shipping-taxable","11":"product-type-simple"},"_links":{"self":[{"href":"https:\/\/commmesh.com\/vi\/wp-json\/wp\/v2\/product\/1761","targetHints":{"allow":["GET"]}}],"collection":[{"href":"https:\/\/commmesh.com\/vi\/wp-json\/wp\/v2\/product"}],"about":[{"href":"https:\/\/commmesh.com\/vi\/wp-json\/wp\/v2\/types\/product"}],"replies":[{"embeddable":true,"href":"https:\/\/commmesh.com\/vi\/wp-json\/wp\/v2\/comments?post=1761"}],"wp:featuredmedia":[{"embeddable":true,"href":"https:\/\/commmesh.com\/vi\/wp-json\/wp\/v2\/media\/1762"}],"wp:attachment":[{"href":"https:\/\/commmesh.com\/vi\/wp-json\/wp\/v2\/media?parent=1761"}],"wp:term":[{"taxonomy":"product_brand","embeddable":true,"href":"https:\/\/commmesh.com\/vi\/wp-json\/wp\/v2\/product_brand?post=1761"},{"taxonomy":"product_cat","embeddable":true,"href":"https:\/\/commmesh.com\/vi\/wp-json\/wp\/v2\/product_cat?post=1761"},{"taxonomy":"product_tag","embeddable":true,"href":"https:\/\/commmesh.com\/vi\/wp-json\/wp\/v2\/product_tag?post=1761"}],"curies":[{"name":"wp","href":"https:\/\/api.w.org\/{rel}","templated":true}]}}