{"id":2505,"date":"2025-02-08T08:05:50","date_gmt":"2025-02-08T08:05:50","guid":{"rendered":"https:\/\/commmesh.com\/?post_type=product&#038;p=2505"},"modified":"2025-02-28T07:45:30","modified_gmt":"2025-02-28T07:45:30","slug":"pre-connectorized-drop-cable","status":"publish","type":"product","link":"https:\/\/commmesh.com\/vi\/product\/pre-connectorized-drop-cable\/","title":{"rendered":"C\u00e1p th\u1ea3 n\u1ed1i s\u1eb5n HFOC SCAPC SCUPC"},"content":{"rendered":"<p>H\u00e3y s\u1eb5n s\u00e0ng cho internet \u0111\u01a1n gi\u1ea3n, nhanh ch\u00f3ng. B\u1ea1n k\u1ebft n\u1ed1i nhanh ch\u00f3ng v\u1edbi c\u00e1p th\u1ea3 HFOC SCAPC SCUPC \u0111\u01b0\u1ee3c k\u1ebft n\u1ed1i tr\u01b0\u1edbc n\u00e0y. \u0110\u1ea7u n\u1ed1i 2,5 mm cho ph\u00e9p c\u0103n ch\u1ec9nh ch\u00ednh x\u00e1c c\u00e1c s\u1ee3i. N\u00f3 c\u00f3 \u0111\u1ed9 suy hao ph\u1ea3n h\u1ed3i l\u1edbn h\u01a1n 60dB. \u0110\u1ed9 suy hao ch\u00e8n v\u1eabn d\u01b0\u1edbi 0,2dB. S\u1ee3i G.657.A2 x\u1eed l\u00fd c\u00e1c kh\u00fac cua ch\u1eb7t.<\/p>\n<p>C\u00e1p n\u00e0y c\u00f3 th\u1ec3 u\u1ed1n cong \u0111\u1ebfn b\u00e1n k\u00ednh t\u1ed1i thi\u1ec3u l\u00e0 7,5mm trong khi v\u1eabn v\u01b0\u1ee3t qu\u00e1 c\u00e1c ti\u00eau chu\u1ea9n c\u00e1p c\u0169. L\u1eafp \u0111\u1eb7t d\u1ec5 d\u00e0ng do c\u00f3 \u0111\u1ea7u n\u1ed1i l\u1eafp s\u1eb5n t\u1ea1i nh\u00e0 m\u00e1y. L\u1edbp v\u1ecf ngo\u00e0i c\u00f3 kh\u1ea3 n\u0103ng ch\u1ed1ng tia UV m\u1ea1nh. Ch\u1ecbu \u0111\u01b0\u1ee3c nhi\u1ec7t \u0111\u1ed9 t\u1eeb -40\u00b0C \u0111\u1ebfn +85\u00b0C. L\u1ef1c k\u00e9o v\u01b0\u1ee3t qu\u00e1 100 Newton.<\/p>\n<p>Mong \u0111\u1ee3i c\u00e1c th\u00e0nh ph\u1ea7n s\u1ee3i aramid b\u1ec1n ch\u1eafc b\u00ean trong. Gel ch\u1eb7n n\u01b0\u1edbc ng\u0103n ng\u1eeba h\u01b0 h\u1ecfng do \u1ea9m. C\u00e1p ch\u1ed1ng l\u1ea1i l\u1ef1c nghi\u1ec1n. S\u1ee3i c\u00f3 l\u1edbp ph\u1ee7 acrylate hai l\u1edbp. Ho\u1ea1t \u0111\u1ed9ng ch\u1ebf \u0111\u1ed9 \u0111\u01a1n cung c\u1ea5p b\u0103ng th\u00f4ng l\u1edbn. C\u00e1p n\u00e0y \u0111\u00e1p \u1ee9ng ti\u00eau chu\u1ea9n IEC 60794. \u0110\u1ea7u n\u1ed1i l\u00e0 lo\u1ea1i SC. Ch\u1ea5t \u0111\u00e1nh b\u00f3ng l\u00e0 APC.<\/p>","protected":false},"excerpt":{"rendered":"<p>Get ready for simple, fast internet. You connect quickly with this HFOC SCAPC SCUPC pre connectorized drop cable. The 2.5mm ferrule enables precise alignment of the fibers. It features a return loss greater than 60dB. The insertion loss remains below 0.2dB. The G.657.A2 fiber handles tight bends. This cable can bend to a minimum radius [&hellip;]<\/p>","protected":false},"featured_media":2515,"comment_status":"open","ping_status":"closed","template":"","meta":{"_seopress_robots_primary_cat":"none","_seopress_titles_title":"HFOC SCAPC SCUPC Pre Connectorized Drop Cable - CommMesh","_seopress_titles_desc":"","_seopress_robots_index":""},"product_brand":[],"product_cat":[23],"product_tag":[],"class_list":{"0":"post-2505","1":"product","2":"type-product","3":"status-publish","4":"has-post-thumbnail","6":"product_cat-fiber-patch-cord","8":"first","9":"instock","10":"shipping-taxable","11":"product-type-simple"},"_links":{"self":[{"href":"https:\/\/commmesh.com\/vi\/wp-json\/wp\/v2\/product\/2505","targetHints":{"allow":["GET"]}}],"collection":[{"href":"https:\/\/commmesh.com\/vi\/wp-json\/wp\/v2\/product"}],"about":[{"href":"https:\/\/commmesh.com\/vi\/wp-json\/wp\/v2\/types\/product"}],"replies":[{"embeddable":true,"href":"https:\/\/commmesh.com\/vi\/wp-json\/wp\/v2\/comments?post=2505"}],"wp:featuredmedia":[{"embeddable":true,"href":"https:\/\/commmesh.com\/vi\/wp-json\/wp\/v2\/media\/2515"}],"wp:attachment":[{"href":"https:\/\/commmesh.com\/vi\/wp-json\/wp\/v2\/media?parent=2505"}],"wp:term":[{"taxonomy":"product_brand","embeddable":true,"href":"https:\/\/commmesh.com\/vi\/wp-json\/wp\/v2\/product_brand?post=2505"},{"taxonomy":"product_cat","embeddable":true,"href":"https:\/\/commmesh.com\/vi\/wp-json\/wp\/v2\/product_cat?post=2505"},{"taxonomy":"product_tag","embeddable":true,"href":"https:\/\/commmesh.com\/vi\/wp-json\/wp\/v2\/product_tag?post=2505"}],"curies":[{"name":"wp","href":"https:\/\/api.w.org\/{rel}","templated":true}]}}