{"id":2526,"date":"2025-02-11T08:29:53","date_gmt":"2025-02-11T08:29:53","guid":{"rendered":"https:\/\/commmesh.com\/?post_type=product&#038;p=2526"},"modified":"2025-02-28T07:47:09","modified_gmt":"2025-02-28T07:47:09","slug":"fiber-optic-cable-reel","status":"publish","type":"product","link":"https:\/\/commmesh.com\/vi\/product\/fiber-optic-cable-reel\/","title":{"rendered":"Cu\u1ed9n c\u00e1p quang \u0111\u00e3 \u0111\u1ea5u n\u1ed1i s\u1eb5n \u0111\u1ec3 b\u00e1n"},"content":{"rendered":"<p>Cu\u1ed9n d\u00e2y n\u00e0y gi\u1eef cho s\u1ee3i quang an to\u00e0n. B\u1ed9 \u0111\u1ec7m 250\u00b5m b\u1ea3o v\u1ec7 t\u1eebng s\u1ee3i. N\u00f3 ng\u0103n ng\u1eeba t\u00ecnh tr\u1ea1ng xo\u1eafn v\u01b0\u1ee3t qu\u00e1 b\u00e1n k\u00ednh u\u1ed1n t\u1ed1i thi\u1ec3u 30mm. B\u1ea1n c\u00f3 th\u1ec3 d\u1ec5 d\u00e0ng qu\u1ea3n l\u00fd s\u1ee3i quang \u0111\u01a1n mode.<\/p>\n<p>N\u00f3 s\u1eafp x\u1ebfp c\u00e1p, tr\u00e1nh xo\u1eafn. \u0110\u01b0\u1eddng k\u00ednh m\u1eb7t b\u00edch r\u1ea5t quan tr\u1ecdng \u1edf \u0111\u00e2y. Thi\u1ebft k\u1ebf tr\u1ee5c ng\u0103n ng\u1eeba u\u1ed1n cong ch\u1eb7t. Cu\u1ed9n d\u00e2y n\u00e0y tr\u00e1nh suy gi\u1ea3m t\u00edn hi\u1ec7u do u\u1ed1n cong v\u0129 m\u00f4.<\/p>\n<p>Cu\u1ed9n d\u00e2y d\u00e0nh cho s\u1ee3i l\u00f5i 9\/125\u00b5m. Ho\u00e0n h\u1ea3o cho tri\u1ec3n khai FTTH. S\u1eed d\u1ee5ng cho c\u00e1c c\u1ee5m l\u1eafp r\u00e1p \u0111\u00e3 k\u1ebft th\u00fac tr\u01b0\u1edbc. L\u00f5i c\u1ee7a cu\u1ed9n d\u00e2y c\u00f3 th\u1ec3 ch\u1ee9a \u0111\u01b0\u1ee3c chi\u1ec1u d\u00e0i c\u00e1p. Ho\u1ea1t \u0111\u1ed9ng v\u1edbi s\u1ee3i tu\u00e2n th\u1ee7 G.657.A1. H\u1ed7 tr\u1ee3 nhi\u1ec1u \u0111\u01b0\u1eddng k\u00ednh v\u1ecf b\u1ecdc kh\u00e1c nhau.<\/p>","protected":false},"excerpt":{"rendered":"<p>This reel keeps optical fibers safe. The 250\u00b5m buffer protects each strand. It prevents kinks exceeding the 30mm minimum bend radius. You can easily manage single-mode fibers. It organizes cables, avoiding twists. The flange diameter is crucial here. The hub design prevents tight bends. This reel avoids signal degradation from macro-bending. The reel is for [&hellip;]<\/p>","protected":false},"featured_media":2532,"comment_status":"open","ping_status":"closed","template":"","meta":{"_seopress_robots_primary_cat":"none","_seopress_titles_title":"Pre Terminated Fiber Optic Cable Reel For Sale - CommMesh","_seopress_titles_desc":"","_seopress_robots_index":""},"product_brand":[],"product_cat":[31],"product_tag":[],"class_list":{"0":"post-2526","1":"product","2":"type-product","3":"status-publish","4":"has-post-thumbnail","6":"product_cat-fiber-optic-cable","8":"first","9":"instock","10":"shipping-taxable","11":"product-type-simple"},"_links":{"self":[{"href":"https:\/\/commmesh.com\/vi\/wp-json\/wp\/v2\/product\/2526","targetHints":{"allow":["GET"]}}],"collection":[{"href":"https:\/\/commmesh.com\/vi\/wp-json\/wp\/v2\/product"}],"about":[{"href":"https:\/\/commmesh.com\/vi\/wp-json\/wp\/v2\/types\/product"}],"replies":[{"embeddable":true,"href":"https:\/\/commmesh.com\/vi\/wp-json\/wp\/v2\/comments?post=2526"}],"wp:featuredmedia":[{"embeddable":true,"href":"https:\/\/commmesh.com\/vi\/wp-json\/wp\/v2\/media\/2532"}],"wp:attachment":[{"href":"https:\/\/commmesh.com\/vi\/wp-json\/wp\/v2\/media?parent=2526"}],"wp:term":[{"taxonomy":"product_brand","embeddable":true,"href":"https:\/\/commmesh.com\/vi\/wp-json\/wp\/v2\/product_brand?post=2526"},{"taxonomy":"product_cat","embeddable":true,"href":"https:\/\/commmesh.com\/vi\/wp-json\/wp\/v2\/product_cat?post=2526"},{"taxonomy":"product_tag","embeddable":true,"href":"https:\/\/commmesh.com\/vi\/wp-json\/wp\/v2\/product_tag?post=2526"}],"curies":[{"name":"wp","href":"https:\/\/api.w.org\/{rel}","templated":true}]}}