{"id":2934,"date":"2025-03-17T07:43:14","date_gmt":"2025-03-17T07:43:14","guid":{"rendered":"https:\/\/commmesh.com\/?post_type=product&#038;p=2934"},"modified":"2025-03-25T09:44:37","modified_gmt":"2025-03-25T09:44:37","slug":"fiber-optic-repair-closure","status":"publish","type":"product","link":"https:\/\/commmesh.com\/vi\/product\/fiber-optic-repair-closure\/","title":{"rendered":"\u0110\u00f3ng c\u1eeda s\u1eeda ch\u1eefa s\u1ee3i quang"},"content":{"rendered":"<p>Kh\u00f3a CommMesh nhanh ch\u00f3ng kh\u00f4i ph\u1ee5c l\u1ea1i c\u00e1c li\u00ean k\u1ebft s\u1ee3i quang b\u1ecb h\u1ecfng. C\u00e1c mi\u1ebfng \u0111\u1ec7m gel (9 x 216 mm) gi\u00fap b\u1ea3o v\u1ec7 kh\u1ecfi c\u00e1c y\u1ebfu t\u1ed1. Do \u0111\u00f3, b\u1ea1n c\u00f3 th\u1ec3 nhanh ch\u00f3ng k\u1ebft h\u1ee3p t\u1ed1i \u0111a 144 m\u1ed1i n\u1ed1i \u0111\u01a1n. B\u1ed9 ph\u1eadn v\u1ecf bao g\u1ed3m 4 c\u1ed5ng v\u00e0o. Ngo\u00e0i ra, \u0111\u1ed9 b\u1ec1n k\u00e9o c\u1ee7a n\u00f3 l\u00e0 h\u01a1n 1000 N. V\u00ec v\u1eady, kh\u00f3a s\u1eeda ch\u1eefa s\u1ee3i quang n\u00e0y \u0111i k\u00e8m v\u1edbi 6 khay n\u1ed1i.<\/p>\n<p>N\u00f3 c\u0169ng gi\u00fap cho thi\u1ebft b\u1ecb kh\u00e1 nh\u1ecf g\u1ecdn v\u1edbi chi\u1ec1u d\u00e0i 450mm. Th\u1eadt s\u1ef1 r\u1ea5t \u1ea5n t\u01b0\u1ee3ng khi \u0111\u1ea1t \u0111\u01b0\u1ee3c kh\u1ea3 n\u0103ng ch\u1ed1ng va \u0111\u1eadp 15 Nm. Theo c\u00e1ch \u0111\u00f3, n\u00f3 c\u00f3 th\u1ec3 \u0111\u01b0\u1ee3c tin c\u1eady \u0111\u1ec3 ho\u1ea1t \u0111\u1ed9ng \u0111\u00e1ng tin c\u1eady trong c\u00e1c l\u1ea7n tri\u1ec3n khai tr\u00ean kh\u00f4ng. \u0110i\u1ec1u \u0111\u00f3 c\u00f3 ngh\u0129a l\u00e0 b\u1ee5i kh\u00f4ng th\u1ec3 x\u00e2m nh\u1eadp v\u00e0o th\u00e2n m\u00e1y, V\u1edbi x\u1ebfp h\u1ea1ng IP68, thi\u1ebft b\u1ecb n\u00e0y ho\u00e0n to\u00e0n kh\u00f4ng b\u1ecb b\u1ee5i x\u00e2m nh\u1eadp.<\/p>\n<p>T\u01b0\u01a1ng t\u1ef1 nh\u01b0 v\u1eady, n\u00f3 c\u0169ng kh\u1eb3ng \u0111\u1ecbnh ch\u1ed1ng l\u1ea1i b\u1ea5t k\u1ef3 b\u1ea3o v\u1ec7 ng\u00e2m n\u01b0\u1edbc n\u00e0o. Ph\u1ea1m vi nhi\u1ec7t \u0111\u1ed9 l\u00e0 t\u1eeb -40\u00b0C \u0111\u1ebfn +65\u00b0C Ho\u1ea1t \u0111\u1ed9ng. Th\u00e2n m\u00e1y b\u1eb1ng polypropylene (PP) ch\u1ecbu va \u0111\u1eadp cao.<\/p>\n<p>Kh\u00f4ng c\u1ea7n b\u1ed9 d\u1ee5ng c\u1ee5 b\u1ed5 sung \u0111\u1ec3 nh\u1eadp l\u1ea1i. Thi\u1ebft k\u1ebf cho ph\u00e9p c\u00e1p t\u1eeb 8mm-16mm. Kh\u00f3a c\u00f3 kh\u1ea3 n\u0103ng ch\u1ee9a t\u1ed1i \u0111a 288 l\u00f5i s\u1ee3i. Kh\u00f3a n\u00e0y n\u1eb7ng kho\u1ea3ng 2,5 kg. N\u00f3 c\u0169ng \u0111i k\u00e8m v\u1edbi c\u00e1c t\u00f9y ch\u1ecdn cho gi\u00e1 \u0111\u1ee1 b\u1eb1ng th\u00e9p kh\u00f4ng g\u1ec9.<\/p>","protected":false},"excerpt":{"rendered":"<p>The CommMesh closure rapidly reinstates damaged fiber links. The gel seals (9 x 216 mm) help shield from the elements. As a result, you can bring together up to 144 single fusion splices quickly. The housing unit consists of 4 entry ports. In addition, its tensile strength is more than 1000 N. So, this fiber [&hellip;]<\/p>","protected":false},"featured_media":2607,"comment_status":"open","ping_status":"closed","template":"","meta":{"_seopress_robots_primary_cat":"none","_seopress_titles_title":"","_seopress_titles_desc":"","_seopress_robots_index":""},"product_brand":[],"product_cat":[24],"product_tag":[],"class_list":{"0":"post-2934","1":"product","2":"type-product","3":"status-publish","4":"has-post-thumbnail","6":"product_cat-fiber-optic-termination-box","8":"first","9":"instock","10":"shipping-taxable","11":"product-type-simple"},"_links":{"self":[{"href":"https:\/\/commmesh.com\/vi\/wp-json\/wp\/v2\/product\/2934","targetHints":{"allow":["GET"]}}],"collection":[{"href":"https:\/\/commmesh.com\/vi\/wp-json\/wp\/v2\/product"}],"about":[{"href":"https:\/\/commmesh.com\/vi\/wp-json\/wp\/v2\/types\/product"}],"replies":[{"embeddable":true,"href":"https:\/\/commmesh.com\/vi\/wp-json\/wp\/v2\/comments?post=2934"}],"wp:featuredmedia":[{"embeddable":true,"href":"https:\/\/commmesh.com\/vi\/wp-json\/wp\/v2\/media\/2607"}],"wp:attachment":[{"href":"https:\/\/commmesh.com\/vi\/wp-json\/wp\/v2\/media?parent=2934"}],"wp:term":[{"taxonomy":"product_brand","embeddable":true,"href":"https:\/\/commmesh.com\/vi\/wp-json\/wp\/v2\/product_brand?post=2934"},{"taxonomy":"product_cat","embeddable":true,"href":"https:\/\/commmesh.com\/vi\/wp-json\/wp\/v2\/product_cat?post=2934"},{"taxonomy":"product_tag","embeddable":true,"href":"https:\/\/commmesh.com\/vi\/wp-json\/wp\/v2\/product_tag?post=2934"}],"curies":[{"name":"wp","href":"https:\/\/api.w.org\/{rel}","templated":true}]}}