{"id":2937,"date":"2025-03-17T07:52:05","date_gmt":"2025-03-17T07:52:05","guid":{"rendered":"https:\/\/commmesh.com\/?post_type=product&#038;p=2937"},"modified":"2025-03-26T03:57:28","modified_gmt":"2025-03-26T03:57:28","slug":"ucao-outside-splice-closure","status":"publish","type":"product","link":"https:\/\/commmesh.com\/vi\/product\/ucao-outside-splice-closure\/","title":{"rendered":"UCAO \u0110\u00f3ng m\u1ed1i n\u1ed1i b\u00ean ngo\u00e0i"},"content":{"rendered":"<p>UCAO Outside Splice Closure: Gi\u1eef cho c\u00e1c li\u00ean k\u1ebft s\u1ee3i quang an to\u00e0n! V\u1ecf ch\u1eafc ch\u1eafn b\u1ea3o v\u1ec7 c\u00e1c k\u1ebft n\u1ed1i quan tr\u1ecdng b\u00ean trong. B\u1ea1n s\u1ebd t\u00ecm th\u1ea5y m\u1ed9t mi\u1ebfng \u0111\u1ec7m \u0111\u1eb7c bi\u1ec7t. N\u00f3 t\u1ea1o ra m\u1ed9t l\u1edbp \u0111\u1ec7m k\u00edn IP68. N\u01b0\u1edbc v\u00e0 b\u1ee5i ho\u00e0n to\u00e0n \u1edf b\u00ean ngo\u00e0i. Th\u00e2n \u0111\u00f3ng s\u1eed d\u1ee5ng nh\u1ef1a nhi\u1ec7t d\u1ebbo dai.<\/p>\n<p>Ch\u1ed1t c\u1ed1 \u0111\u1ecbnh n\u1eafp v\u00e0o \u0111\u1ebf. B\u00ean trong l\u00e0 khay n\u1ed1i. C\u00e1c khay n\u00e0y s\u1eafp x\u1ebfp t\u1ed1i \u0111a 24 ho\u1eb7c 144 s\u1ee3i. UCAO Outside Splice Closure s\u1eed d\u1ee5ng grommet. B\u1ed9 gi\u1ea3m l\u1ef1c c\u0103ng gi\u00fap tr\u00e1nh k\u00e9o c\u00e1p v\u00e0o b\u00ean trong. C\u00e1c c\u1ed5ng v\u00e0o c\u00e1p ch\u1ea5p nh\u1eadn c\u00e1c \u0111\u01b0\u1eddng k\u00ednh c\u00e1p kh\u00e1c nhau, c\u00f3 th\u1ec3 l\u00e0 c\u00e1p 10mm v\u00e0 c\u0169ng c\u00f3 th\u1ec3 l\u00e0 c\u00e1p 25mm.<\/p>","protected":false},"excerpt":{"rendered":"<p>UCAO Outside Splice Closure: Keeps fiber optic links safe! The strong shell protects important connections inside. You will find a special gasket. It creates a tight IP68 seal. Water, and dust stay outside completely. The closure body uses tough thermoplastic. Latches secure the cover to the base. Inside are splice trays. These trays organize up [&hellip;]<\/p>","protected":false},"featured_media":2606,"comment_status":"open","ping_status":"closed","template":"","meta":{"_seopress_robots_primary_cat":"none","_seopress_titles_title":"","_seopress_titles_desc":"","_seopress_robots_index":""},"product_brand":[],"product_cat":[24],"product_tag":[],"class_list":{"0":"post-2937","1":"product","2":"type-product","3":"status-publish","4":"has-post-thumbnail","6":"product_cat-fiber-optic-termination-box","8":"first","9":"instock","10":"shipping-taxable","11":"product-type-simple"},"_links":{"self":[{"href":"https:\/\/commmesh.com\/vi\/wp-json\/wp\/v2\/product\/2937","targetHints":{"allow":["GET"]}}],"collection":[{"href":"https:\/\/commmesh.com\/vi\/wp-json\/wp\/v2\/product"}],"about":[{"href":"https:\/\/commmesh.com\/vi\/wp-json\/wp\/v2\/types\/product"}],"replies":[{"embeddable":true,"href":"https:\/\/commmesh.com\/vi\/wp-json\/wp\/v2\/comments?post=2937"}],"wp:featuredmedia":[{"embeddable":true,"href":"https:\/\/commmesh.com\/vi\/wp-json\/wp\/v2\/media\/2606"}],"wp:attachment":[{"href":"https:\/\/commmesh.com\/vi\/wp-json\/wp\/v2\/media?parent=2937"}],"wp:term":[{"taxonomy":"product_brand","embeddable":true,"href":"https:\/\/commmesh.com\/vi\/wp-json\/wp\/v2\/product_brand?post=2937"},{"taxonomy":"product_cat","embeddable":true,"href":"https:\/\/commmesh.com\/vi\/wp-json\/wp\/v2\/product_cat?post=2937"},{"taxonomy":"product_tag","embeddable":true,"href":"https:\/\/commmesh.com\/vi\/wp-json\/wp\/v2\/product_tag?post=2937"}],"curies":[{"name":"wp","href":"https:\/\/api.w.org\/{rel}","templated":true}]}}