{"id":2940,"date":"2025-03-17T08:09:39","date_gmt":"2025-03-17T08:09:39","guid":{"rendered":"https:\/\/commmesh.com\/?post_type=product&#038;p=2940"},"modified":"2025-03-25T09:22:28","modified_gmt":"2025-03-25T09:22:28","slug":"connectorised-block-terminal","status":"publish","type":"product","link":"https:\/\/commmesh.com\/vi\/product\/connectorised-block-terminal\/","title":{"rendered":"Thi\u1ebft b\u1ecb \u0111\u1ea7u cu\u1ed1i kh\u1ed1i k\u1ebft n\u1ed1i"},"content":{"rendered":"<p>Connectorized Block Terminals cung c\u1ea5p c\u00e1c li\u00ean k\u1ebft c\u00e1p quang d\u1ec5 d\u00e0ng. B\u1ea1n c\u00f3 th\u1ec3 nhanh ch\u00f3ng k\u1ebft n\u1ed1i c\u00e1p th\u1ea3. C\u00e1c \u0111\u1ea7u n\u1ed1i OptiTap \u0111\u1ea3m b\u1ea3o l\u1eafp \u0111\u1eb7t \u0111\u01a1n gi\u1ea3n. X\u1ebfp h\u1ea1ng IP68 \u0111\u1ea3m b\u1ea3o kh\u1ea3 n\u0103ng ch\u1ed1ng n\u01b0\u1edbc. Do \u0111\u00f3, c\u00e1c k\u1ebft n\u1ed1i v\u1eabn an to\u00e0n trong m\u00f4i tr\u01b0\u1eddng kh\u1eafc nghi\u1ec7t.<\/p>\n<p>C\u00e1p \u0111\u01b0\u1ee3c \u0111\u1ea5u n\u1ed1i tr\u01b0\u1edbc lo\u1ea1i b\u1ecf vi\u1ec7c gh\u00e9p n\u1ed1i ph\u1ee9c t\u1ea1p. CBT t\u0103ng t\u1ed1c \u0111\u00e1ng k\u1ec3 vi\u1ec7c tri\u1ec3n khai m\u1ea1ng FTTx. Khay gh\u00e9p n\u1ed1i b\u00ean trong qu\u1ea3n l\u00fd s\u1ee3i quang g\u1ecdn g\u00e0ng. Ch\u00fang s\u1eed d\u1ee5ng ph\u01b0\u01a1ng ph\u00e1p gh\u00e9p n\u1ed1i n\u00f3ng ch\u1ea3y v\u1edbi \u0111\u1ed9 suy hao ch\u00e8n 0,3 dB. V\u1ecf polymer \u1ed5n \u0111\u1ecbnh b\u1eb1ng tia c\u1ef1c t\u00edm c\u00f3 \u0111\u1ed9 b\u1ec1n tuy\u1ec7t v\u1eddi.<\/p>\n<p>Thi\u1ebft b\u1ecb \u0111\u1ea7u cu\u1ed1i c\u00f3 th\u1ec3 ch\u1ee9a b\u1ed9 chia 1:8 ho\u1eb7c 1:32. Do \u0111\u00f3, \u0111\u00e2y l\u00e0 lo\u1ea1i PLC, d\u00e0nh cho t\u00edn hi\u1ec7u. \u0110\u1ed9 suy hao ph\u1ea3n h\u1ed3i &gt;50dB. L\u1ef1c gi\u1eef c\u00e1p &gt;50N.<\/p>","protected":false},"excerpt":{"rendered":"<p>Connectorized Block Terminals offer effortless fiber optic links. You can quickly connect drop cables. The OptiTap connectors ensure simple installations. IP68 rating guarantees protection against water. Therefore, connections remain secure in harsh environments. Pre-terminated cables eliminate complex field splicing. A CBT greatly speeds up FTTx network deployment. Internal splice trays manage fiber neatly. These utilize [&hellip;]<\/p>","protected":false},"featured_media":2944,"comment_status":"open","ping_status":"closed","template":"","meta":{"_seopress_robots_primary_cat":"none","_seopress_titles_title":"","_seopress_titles_desc":"","_seopress_robots_index":""},"product_brand":[],"product_cat":[24],"product_tag":[],"class_list":{"0":"post-2940","1":"product","2":"type-product","3":"status-publish","4":"has-post-thumbnail","6":"product_cat-fiber-optic-termination-box","8":"first","9":"instock","10":"shipping-taxable","11":"product-type-simple"},"_links":{"self":[{"href":"https:\/\/commmesh.com\/vi\/wp-json\/wp\/v2\/product\/2940","targetHints":{"allow":["GET"]}}],"collection":[{"href":"https:\/\/commmesh.com\/vi\/wp-json\/wp\/v2\/product"}],"about":[{"href":"https:\/\/commmesh.com\/vi\/wp-json\/wp\/v2\/types\/product"}],"replies":[{"embeddable":true,"href":"https:\/\/commmesh.com\/vi\/wp-json\/wp\/v2\/comments?post=2940"}],"wp:featuredmedia":[{"embeddable":true,"href":"https:\/\/commmesh.com\/vi\/wp-json\/wp\/v2\/media\/2944"}],"wp:attachment":[{"href":"https:\/\/commmesh.com\/vi\/wp-json\/wp\/v2\/media?parent=2940"}],"wp:term":[{"taxonomy":"product_brand","embeddable":true,"href":"https:\/\/commmesh.com\/vi\/wp-json\/wp\/v2\/product_brand?post=2940"},{"taxonomy":"product_cat","embeddable":true,"href":"https:\/\/commmesh.com\/vi\/wp-json\/wp\/v2\/product_cat?post=2940"},{"taxonomy":"product_tag","embeddable":true,"href":"https:\/\/commmesh.com\/vi\/wp-json\/wp\/v2\/product_tag?post=2940"}],"curies":[{"name":"wp","href":"https:\/\/api.w.org\/{rel}","templated":true}]}}