{"id":2964,"date":"2025-03-17T08:41:47","date_gmt":"2025-03-17T08:41:47","guid":{"rendered":"https:\/\/commmesh.com\/?post_type=product&#038;p=2964"},"modified":"2025-03-25T09:37:24","modified_gmt":"2025-03-25T09:37:24","slug":"fiber-dome-closure-family","status":"publish","type":"product","link":"https:\/\/commmesh.com\/vi\/product\/fiber-dome-closure-family\/","title":{"rendered":"Gia \u0111\u00ecnh \u0111\u00f3ng c\u1eeda m\u00e1i v\u00f2m s\u1ee3i"},"content":{"rendered":"<p>Gia \u0111\u00ecnh \u0111\u00f3ng v\u00f2m s\u1ee3i b\u1ea3o v\u1ec7 c\u00e1c li\u00ean k\u1ebft quan tr\u1ecdng. Ch\u00fang gi\u1eef cho m\u1ea1ng c\u00e1p quang c\u1ee7a b\u1ea1n an to\u00e0n. H\u00e3y t\u01b0\u1edfng t\u01b0\u1ee3ng nh\u1eefng s\u1ee3i d\u00e2y nh\u1ecf mang nhi\u1ec1u d\u1eef li\u1ec7u. B\u1ea1n c\u1ea7n ph\u1ea3i n\u1ed1i nh\u1eefng s\u1ee3i m\u1ecfng manh n\u00e0y m\u1ed9t c\u00e1ch c\u1ea9n th\u1eadn. C\u00e1c \u0111\u00f3ng c\u1ee7a ch\u00fang t\u00f4i b\u1ea3o v\u1ec7 c\u00e1c k\u1ebft n\u1ed1i n\u00e0y kh\u1ecfi nh\u1eefng th\u1ee9 x\u1ea5u. N\u01b0\u1edbc, gi\u1ed1ng nh\u01b0 m\u01b0a, c\u00f3 th\u1ec3 l\u00e0m h\u1ecfng 24 s\u1ee3i b\u00ean trong. B\u1ee5i c\u0169ng kh\u00f4ng t\u1ed1t cho 12 m\u1ed1i n\u1ed1i trong m\u1ed7i khay.<br \/>\nC\u00e1c n\u1eafp \u0111\u1eady \u0111\u01b0\u1ee3c l\u00e0m b\u1eb1ng polyethylene m\u1eadt \u0111\u1ed9 cao b\u1ec1n ch\u1eafc. V\u1eadt li\u1ec7u n\u00e0y c\u1ee9ng c\u00e1p, gi\u1ed1ng nh\u01b0 m\u1ed9t l\u1edbp v\u1ecf c\u1ee9ng. M\u1ed7i n\u1eafp \u0111\u1eady c\u00f3 4-8 l\u1ed7, gi\u1ed1ng nh\u01b0 c\u1eeda ra v\u00e0o. C\u00e1c l\u1ed7 n\u00e0y s\u1eed d\u1ee5ng grommet 10-35mm. C\u00e1c mi\u1ebfng \u0111\u1ec7m \u0111\u1eb7c bi\u1ec7t gi\u1eef cho m\u1ecdi th\u1ee9 kh\u00f4 r\u00e1o \u1edf nhi\u1ec7t \u0111\u1ed9 -40\u00b0C. Ch\u00fang \u0111\u1ea1t x\u1ebfp h\u1ea1ng IP68.<br \/>\nGia \u0111\u00ecnh \u0111\u00f3ng v\u00f2m s\u1ee3i s\u1eed d\u1ee5ng ph\u1edbt c\u01a1 kh\u00ed. M\u1ed9t mi\u1ebfng \u0111\u1ec7m cao su c\u0169ng gi\u00fap cho ph\u1edbt n\u00e0y. C\u00e1c khay n\u1ed1i qu\u1ea3n l\u00fd c\u00e1c v\u1eadt quang h\u1ecdc tinh t\u1ebf c\u1ee7a b\u1ea1n. C\u00e1c khay ABS n\u00e0y gi\u1eef c\u00e1c m\u1ed1i n\u1ed1i h\u00e0n b\u00ean trong. \u0110\u1ea7u v\u00e0o c\u00e1p h\u1ed7 tr\u1ee3 l\u00ean \u0111\u1ebfn 100N. Mong \u0111\u1ee3i kh\u1ea3 n\u0103ng ch\u1ed1ng va \u0111\u1eadp IK10.<br \/>\nK\u00edch th\u01b0\u1edbc dao \u0111\u1ed9ng t\u1eeb 300-700mm chi\u1ec1u cao. \u0110\u01b0\u1eddng k\u00ednh c\u00f3 th\u1ec3 thay \u0111\u1ed5i t\u1eeb 150-300mm. D\u00f2ng s\u1ea3n ph\u1ea9m \u0111\u00f3ng v\u00f2m s\u1ee3i cung c\u1ea5p kh\u1ea3 n\u0103ng b\u1ea3o v\u1ec7 nghi\u00eam ng\u1eb7t. B\u1ea1n c\u00f3 th\u1ec3 tin t\u01b0\u1edfng v\u00e0o \u0111\u1ed9 b\u1ec1n k\u00e9o tuy\u1ec7t v\u1eddi c\u1ee7a n\u00f3.<\/p>","protected":false},"excerpt":{"rendered":"<p>The fiber dome closure family shields vital links. These keep your fiber optic network safe. Imagine tiny wires carrying lots of data. You need to join these delicate fibers carefully. Our closures protect these connections from bad things. Water, like rain, can damage the 24 fibers inside. Dust is also bad for the 12 splices [&hellip;]<\/p>","protected":false},"featured_media":2967,"comment_status":"open","ping_status":"closed","template":"","meta":{"_seopress_robots_primary_cat":"none","_seopress_titles_title":"","_seopress_titles_desc":"","_seopress_robots_index":""},"product_brand":[],"product_cat":[24],"product_tag":[],"class_list":{"0":"post-2964","1":"product","2":"type-product","3":"status-publish","4":"has-post-thumbnail","6":"product_cat-fiber-optic-termination-box","8":"first","9":"instock","10":"shipping-taxable","11":"product-type-simple"},"_links":{"self":[{"href":"https:\/\/commmesh.com\/vi\/wp-json\/wp\/v2\/product\/2964","targetHints":{"allow":["GET"]}}],"collection":[{"href":"https:\/\/commmesh.com\/vi\/wp-json\/wp\/v2\/product"}],"about":[{"href":"https:\/\/commmesh.com\/vi\/wp-json\/wp\/v2\/types\/product"}],"replies":[{"embeddable":true,"href":"https:\/\/commmesh.com\/vi\/wp-json\/wp\/v2\/comments?post=2964"}],"wp:featuredmedia":[{"embeddable":true,"href":"https:\/\/commmesh.com\/vi\/wp-json\/wp\/v2\/media\/2967"}],"wp:attachment":[{"href":"https:\/\/commmesh.com\/vi\/wp-json\/wp\/v2\/media?parent=2964"}],"wp:term":[{"taxonomy":"product_brand","embeddable":true,"href":"https:\/\/commmesh.com\/vi\/wp-json\/wp\/v2\/product_brand?post=2964"},{"taxonomy":"product_cat","embeddable":true,"href":"https:\/\/commmesh.com\/vi\/wp-json\/wp\/v2\/product_cat?post=2964"},{"taxonomy":"product_tag","embeddable":true,"href":"https:\/\/commmesh.com\/vi\/wp-json\/wp\/v2\/product_tag?post=2964"}],"curies":[{"name":"wp","href":"https:\/\/api.w.org\/{rel}","templated":true}]}}