{"id":2968,"date":"2025-03-17T08:53:00","date_gmt":"2025-03-17T08:53:00","guid":{"rendered":"https:\/\/commmesh.com\/?post_type=product&#038;p=2968"},"modified":"2025-03-25T09:56:00","modified_gmt":"2025-03-25T09:56:00","slug":"sealed-terminal-uca-series","status":"publish","type":"product","link":"https:\/\/commmesh.com\/vi\/product\/sealed-terminal-uca-series\/","title":{"rendered":"\u0110\u1ea7u n\u1ed1i k\u00edn UCA Series"},"content":{"rendered":"<p>D\u00f2ng s\u1ea3n ph\u1ea9m Sealed Terminal UCA gi\u1eef cho c\u00e1c k\u1ebft n\u1ed1i c\u00e1p quang c\u1ee7a b\u1ea1n an to\u00e0n. V\u1ecf b\u1ecdc ch\u1eafc ch\u1eafn \u0111\u01b0\u1ee3c l\u00e0m t\u1eeb polybutylene terephthalate \u0111\u1eb7c bi\u1ec7t. B\u1ea1n c\u00f3 th\u1ec3 s\u1eed d\u1ee5ng c\u00e1c \u0111\u1ea7u n\u1ed1i n\u00e0y \u1edf b\u00ean ngo\u00e0i. Ch\u00fang ch\u1ed1ng m\u01b0a, v\u1edbi x\u1ebfp h\u1ea1ng IP68 t\u1ed1t nh\u1ea5t. B\u1ee5i kh\u00f4ng th\u1ec3 l\u1ecdt v\u00e0o b\u00ean trong, nh\u1edd c\u00e1c v\u00f2ng \u0111\u1ec7m\/gio\u0103ng ch\u1eef O. D\u00f2ng s\u1ea3n ph\u1ea9m Sealed Terminal UCA ch\u1ed1ng b\u1ee5i.<\/p>\n<p>M\u1eabu UCA4-066CP-W l\u00e0 m\u1ed9t v\u00ed d\u1ee5 s\u1ea3n ph\u1ea9m tuy\u1ec7t v\u1eddi. C\u00e1c \u0111\u1ea7u n\u1ed1i ho\u1ea1t \u0111\u1ed9ng trong th\u1eddi ti\u1ebft r\u1ea5t l\u1ea1nh (-40\u00b0C). Ch\u00fang c\u0169ng ho\u1ea1t \u0111\u1ed9ng t\u1ed1t trong m\u00f4i tr\u01b0\u1eddng r\u1ea5t n\u00f3ng (+70\u00b0C). C\u00e1p c\u00f3 \u0111\u01b0\u1eddng k\u00ednh t\u1eeb 3mm \u0111\u1ebfn 20mm, ho\u1ea1t \u0111\u1ed9ng ch\u00ednh x\u00e1c. C\u00f3 nhi\u1ec1u khay n\u1ed1i kh\u00e1c nhau, 12, 24 ho\u1eb7c 48 m\u1ed1i n\u1ed1i.<\/p>\n<p>N\u1ed1i c\u00e1p quang cung c\u1ea5p \u0111\u1ed9 suy hao th\u1ea5p, d\u01b0\u1edbi 0,1 dB. N\u1ed1i c\u00e1p quang c\u01a1 h\u1ecdc c\u00f3 th\u1ec3 \u0111\u1ea1t t\u1edbi 0,5 dB. B\u00ean trong, t\u00ecm c\u00e1c \u0111\u01b0\u1eddng d\u1eabn c\u00e1p quang \u0111\u1eb7c bi\u1ec7t. D\u00f2ng \u0111\u1ea7u cu\u1ed1i k\u00edn UCA n\u00e0y c\u00f3 ch\u1ed1t th\u00e9p kh\u00f4ng g\u1ec9.<\/p>\n<p>V\u1ecf b\u1ecdc ch\u1ecbu \u0111\u01b0\u1ee3c l\u1ef1c t\u00e1c \u0111\u1ed9ng v\u01b0\u1ee3t qu\u00e1 500 J\/m. Tham s\u1ed1 suy hao ph\u1ea3n h\u1ed3i cao h\u01a1n 50 dB. Thi\u1ebft b\u1ecb \u0111\u1ea7u cu\u1ed1i n\u00e0y c\u00f3 th\u1ec3 \u0111\u01b0\u1ee3c l\u1eafp \u0111\u1eb7t tr\u00ean b\u1ea5t k\u1ef3 c\u1ef1c n\u00e0o. C\u00f3 tu\u1ed5i th\u1ecd s\u1eed d\u1ee5ng l\u00e2u d\u00e0i l\u00ean \u0111\u1ebfn 20 n\u0103m. V\u1ecf b\u1ecdc s\u1eed d\u1ee5ng polyme \u1ed5n \u0111\u1ecbnh UV.<\/p>","protected":false},"excerpt":{"rendered":"<p>The Sealed Terminal UCA Series keeps your fiber optic connections safe. The strong housing is made from a special polybutylene terephthalate. You can use these terminals outside. They protect against rain, with the best IP68 rating. Dust cannot get inside, thanks the O-Rings\/Gaskets. The Sealed Terminal UCA Series is dust-tight. The UCA4-066CP-W model is a [&hellip;]<\/p>","protected":false},"featured_media":2943,"comment_status":"open","ping_status":"closed","template":"","meta":{"_seopress_robots_primary_cat":"none","_seopress_titles_title":"","_seopress_titles_desc":"","_seopress_robots_index":""},"product_brand":[],"product_cat":[24],"product_tag":[],"class_list":{"0":"post-2968","1":"product","2":"type-product","3":"status-publish","4":"has-post-thumbnail","6":"product_cat-fiber-optic-termination-box","8":"first","9":"instock","10":"shipping-taxable","11":"product-type-simple"},"_links":{"self":[{"href":"https:\/\/commmesh.com\/vi\/wp-json\/wp\/v2\/product\/2968","targetHints":{"allow":["GET"]}}],"collection":[{"href":"https:\/\/commmesh.com\/vi\/wp-json\/wp\/v2\/product"}],"about":[{"href":"https:\/\/commmesh.com\/vi\/wp-json\/wp\/v2\/types\/product"}],"replies":[{"embeddable":true,"href":"https:\/\/commmesh.com\/vi\/wp-json\/wp\/v2\/comments?post=2968"}],"wp:featuredmedia":[{"embeddable":true,"href":"https:\/\/commmesh.com\/vi\/wp-json\/wp\/v2\/media\/2943"}],"wp:attachment":[{"href":"https:\/\/commmesh.com\/vi\/wp-json\/wp\/v2\/media?parent=2968"}],"wp:term":[{"taxonomy":"product_brand","embeddable":true,"href":"https:\/\/commmesh.com\/vi\/wp-json\/wp\/v2\/product_brand?post=2968"},{"taxonomy":"product_cat","embeddable":true,"href":"https:\/\/commmesh.com\/vi\/wp-json\/wp\/v2\/product_cat?post=2968"},{"taxonomy":"product_tag","embeddable":true,"href":"https:\/\/commmesh.com\/vi\/wp-json\/wp\/v2\/product_tag?post=2968"}],"curies":[{"name":"wp","href":"https:\/\/api.w.org\/{rel}","templated":true}]}}